{"id":31121,"date":"2022-01-18T15:19:36","date_gmt":"2022-01-18T14:19:36","guid":{"rendered":"https:\/\/www.gamm.com\/sin%20categor\u00eda\/m15\/"},"modified":"2026-03-13T12:12:12","modified_gmt":"2026-03-13T11:12:12","slug":"m15","status":"publish","type":"product","link":"https:\/\/www.gamm.com\/es\/instrumentos-de-medida-y-control\/contador-general\/m15\/","title":{"rendered":"M15"},"content":{"rendered":"","protected":false},"excerpt":{"rendered":"<p>Para contar r\u00e1pidamente objetos en movimiento, as\u00ed como objetos fijos<br \/>\ncon operador en movimiento. Reposici\u00f3n a cero instant\u00e1nea con bot\u00f3n.<br \/>\n4 cifras altura 4.5 mm. Embalaje: bolsa de piel artificial.<\/p>\n","protected":false},"featured_media":15855,"template":"","meta":{"_acf_changed":false},"product_brand":[],"product_cat":[1171,1185],"product_tag":[],"class_list":{"0":"post-31121","1":"product","2":"type-product","3":"status-publish","4":"has-post-thumbnail","6":"product_cat-instrumentos-de-medida-y-control","7":"product_cat-contador-general","8":"pa_brand-gamm-es","9":"pa_materiale-termoplastico","11":"first","12":"instock","13":"shipping-taxable","14":"purchasable","15":"product-type-simple"},"acf":[],"_links":{"self":[{"href":"https:\/\/www.gamm.com\/es\/wp-json\/wp\/v2\/product\/31121","targetHints":{"allow":["GET"]}}],"collection":[{"href":"https:\/\/www.gamm.com\/es\/wp-json\/wp\/v2\/product"}],"about":[{"href":"https:\/\/www.gamm.com\/es\/wp-json\/wp\/v2\/types\/product"}],"wp:featuredmedia":[{"embeddable":true,"href":"https:\/\/www.gamm.com\/es\/wp-json\/wp\/v2\/media\/15855"}],"wp:attachment":[{"href":"https:\/\/www.gamm.com\/es\/wp-json\/wp\/v2\/media?parent=31121"}],"wp:term":[{"taxonomy":"product_brand","embeddable":true,"href":"https:\/\/www.gamm.com\/es\/wp-json\/wp\/v2\/product_brand?post=31121"},{"taxonomy":"product_cat","embeddable":true,"href":"https:\/\/www.gamm.com\/es\/wp-json\/wp\/v2\/product_cat?post=31121"},{"taxonomy":"product_tag","embeddable":true,"href":"https:\/\/www.gamm.com\/es\/wp-json\/wp\/v2\/product_tag?post=31121"}],"curies":[{"name":"wp","href":"https:\/\/api.w.org\/{rel}","templated":true}]}}