{"id":31252,"date":"2021-10-19T10:59:16","date_gmt":"2021-10-19T08:59:16","guid":{"rendered":"https:\/\/www.gamm.com\/sin%20categor\u00eda\/mpc-109\/"},"modified":"2026-03-11T15:56:05","modified_gmt":"2026-03-11T14:56:05","slug":"mpc-109","status":"publish","type":"product","link":"https:\/\/www.gamm.com\/es\/empunaduras\/manilla-para-escotilla-de-caldera\/mpc-109\/","title":{"rendered":"MPC"},"content":{"rendered":"","protected":false},"excerpt":{"rendered":"<p>Gancho de acero galvanizado.<br \/>\nEmpu\u00f1adura cil\u00edndrica in duropl\u00e1stico negro.<\/p>\n","protected":false},"featured_media":14712,"template":"","meta":{"_acf_changed":false},"product_brand":[],"product_cat":[961,967],"product_tag":[],"class_list":{"0":"post-31252","1":"product","2":"type-product","3":"status-publish","4":"has-post-thumbnail","6":"product_cat-empunaduras","7":"product_cat-manilla-para-escotilla-de-caldera","8":"pa_brand-gamm-es","9":"pa_materiale-duroplastico","11":"first","12":"instock","13":"shipping-taxable","14":"purchasable","15":"product-type-variable"},"acf":[],"_links":{"self":[{"href":"https:\/\/www.gamm.com\/es\/wp-json\/wp\/v2\/product\/31252","targetHints":{"allow":["GET"]}}],"collection":[{"href":"https:\/\/www.gamm.com\/es\/wp-json\/wp\/v2\/product"}],"about":[{"href":"https:\/\/www.gamm.com\/es\/wp-json\/wp\/v2\/types\/product"}],"wp:featuredmedia":[{"embeddable":true,"href":"https:\/\/www.gamm.com\/es\/wp-json\/wp\/v2\/media\/14712"}],"wp:attachment":[{"href":"https:\/\/www.gamm.com\/es\/wp-json\/wp\/v2\/media?parent=31252"}],"wp:term":[{"taxonomy":"product_brand","embeddable":true,"href":"https:\/\/www.gamm.com\/es\/wp-json\/wp\/v2\/product_brand?post=31252"},{"taxonomy":"product_cat","embeddable":true,"href":"https:\/\/www.gamm.com\/es\/wp-json\/wp\/v2\/product_cat?post=31252"},{"taxonomy":"product_tag","embeddable":true,"href":"https:\/\/www.gamm.com\/es\/wp-json\/wp\/v2\/product_tag?post=31252"}],"curies":[{"name":"wp","href":"https:\/\/api.w.org\/{rel}","templated":true}]}}