{"id":31593,"date":"2022-03-27T21:10:40","date_gmt":"2022-03-27T19:10:40","guid":{"rendered":"https:\/\/www.gamm.com\/sin%20categor\u00eda\/cod-511-y\/"},"modified":"2026-03-03T14:45:10","modified_gmt":"2026-03-03T13:45:10","slug":"cod-511-y","status":"publish","type":"product","link":"https:\/\/www.gamm.com\/es\/dispositivos-de-sujecion\/dispositivo-de-sujecion-a-presion-y-de-traccion\/cod-511-y\/","title":{"rendered":"Cod. 511-Y"},"content":{"rendered":"","protected":false},"excerpt":{"rendered":"<p>Dispositivo de sujeci\u00f3n a presi\u00f3n y de tracci\u00f3n<\/p>\n","protected":false},"featured_media":16273,"template":"","meta":{"_acf_changed":false},"product_brand":[],"product_cat":[1317,1327],"product_tag":[],"class_list":{"0":"post-31593","1":"product","2":"type-product","3":"status-publish","4":"has-post-thumbnail","6":"product_cat-dispositivos-de-sujecion","7":"product_cat-dispositivo-de-sujecion-a-presion-y-de-traccion","8":"pa_brand-gamm-es","10":"first","11":"instock","12":"shipping-taxable","13":"purchasable","14":"product-type-simple"},"acf":[],"_links":{"self":[{"href":"https:\/\/www.gamm.com\/es\/wp-json\/wp\/v2\/product\/31593","targetHints":{"allow":["GET"]}}],"collection":[{"href":"https:\/\/www.gamm.com\/es\/wp-json\/wp\/v2\/product"}],"about":[{"href":"https:\/\/www.gamm.com\/es\/wp-json\/wp\/v2\/types\/product"}],"wp:featuredmedia":[{"embeddable":true,"href":"https:\/\/www.gamm.com\/es\/wp-json\/wp\/v2\/media\/16273"}],"wp:attachment":[{"href":"https:\/\/www.gamm.com\/es\/wp-json\/wp\/v2\/media?parent=31593"}],"wp:term":[{"taxonomy":"product_brand","embeddable":true,"href":"https:\/\/www.gamm.com\/es\/wp-json\/wp\/v2\/product_brand?post=31593"},{"taxonomy":"product_cat","embeddable":true,"href":"https:\/\/www.gamm.com\/es\/wp-json\/wp\/v2\/product_cat?post=31593"},{"taxonomy":"product_tag","embeddable":true,"href":"https:\/\/www.gamm.com\/es\/wp-json\/wp\/v2\/product_tag?post=31593"}],"curies":[{"name":"wp","href":"https:\/\/api.w.org\/{rel}","templated":true}]}}