{"id":34725,"date":"2021-10-25T14:17:52","date_gmt":"2021-10-25T12:17:52","guid":{"rendered":"https:\/\/www.gamm.com\/non%20class\u00e9\/mfp\/"},"modified":"2026-03-11T09:57:26","modified_gmt":"2026-03-11T08:57:26","slug":"mfp","status":"publish","type":"product","link":"https:\/\/www.gamm.com\/fr\/poignees\/poignee\/mfp\/","title":{"rendered":"MFP"},"content":{"rendered":"","protected":false},"excerpt":{"rendered":"<p>Tige filet\u00e9e en acier zingu\u00e9.<br \/>\nTechnopolym\u00e8re noir mat renforc\u00e9 fibre de verre. Tige filet\u00e9e en acier zingu\u00e9.<\/p>\n","protected":false},"featured_media":33093,"template":"","meta":{"_acf_changed":false},"product_brand":[],"product_cat":[1440,1441],"product_tag":[],"class_list":{"0":"post-34725","1":"product","2":"type-product","3":"status-publish","4":"has-post-thumbnail","6":"product_cat-poignees","7":"product_cat-poignee","8":"pa_brand-gamm-fr","9":"pa_materiale-technopolymere","11":"first","12":"instock","13":"shipping-taxable","14":"purchasable","15":"product-type-variable"},"acf":[],"_links":{"self":[{"href":"https:\/\/www.gamm.com\/fr\/wp-json\/wp\/v2\/product\/34725","targetHints":{"allow":["GET"]}}],"collection":[{"href":"https:\/\/www.gamm.com\/fr\/wp-json\/wp\/v2\/product"}],"about":[{"href":"https:\/\/www.gamm.com\/fr\/wp-json\/wp\/v2\/types\/product"}],"wp:featuredmedia":[{"embeddable":true,"href":"https:\/\/www.gamm.com\/fr\/wp-json\/wp\/v2\/media\/33093"}],"wp:attachment":[{"href":"https:\/\/www.gamm.com\/fr\/wp-json\/wp\/v2\/media?parent=34725"}],"wp:term":[{"taxonomy":"product_brand","embeddable":true,"href":"https:\/\/www.gamm.com\/fr\/wp-json\/wp\/v2\/product_brand?post=34725"},{"taxonomy":"product_cat","embeddable":true,"href":"https:\/\/www.gamm.com\/fr\/wp-json\/wp\/v2\/product_cat?post=34725"},{"taxonomy":"product_tag","embeddable":true,"href":"https:\/\/www.gamm.com\/fr\/wp-json\/wp\/v2\/product_tag?post=34725"}],"curies":[{"name":"wp","href":"https:\/\/api.w.org\/{rel}","templated":true}]}}