{"id":34738,"date":"2021-08-01T09:00:49","date_gmt":"2021-08-01T07:00:49","guid":{"rendered":"https:\/\/www.gamm.com\/non%20class\u00e9\/v3ra-mre\/"},"modified":"2026-03-10T09:20:27","modified_gmt":"2026-03-10T08:20:27","slug":"v3ra-mre","status":"publish","type":"product","link":"https:\/\/www.gamm.com\/fr\/volants-de-manoeuvre\/volant-a-branches\/v3ra-mre\/","title":{"rendered":"V3RA\/MRE"},"content":{"rendered":"","protected":false},"excerpt":{"rendered":"<p class=\"p1\"><span class=\"s1\">Moyeu en acier zingu\u00e9 traversant. Poign\u00e9e tournante rabattable \u00e0 d\u00e9clic. Technopolym\u00e8re mat renforc\u00e9 fibre de verre.<\/span><\/p>\n","protected":false},"featured_media":32110,"template":"","meta":{"_acf_changed":false},"product_brand":[],"product_cat":[1371,1377],"product_tag":[1398],"class_list":{"0":"post-34738","1":"product","2":"type-product","3":"status-publish","4":"has-post-thumbnail","6":"product_cat-volants-de-manoeuvre","7":"product_cat-volant-a-branches","8":"product_tag-news-fr","9":"pa_brand-gamm-fr","10":"pa_materiale-technopolymere","12":"first","13":"instock","14":"shipping-taxable","15":"purchasable","16":"product-type-variable"},"acf":[],"_links":{"self":[{"href":"https:\/\/www.gamm.com\/fr\/wp-json\/wp\/v2\/product\/34738","targetHints":{"allow":["GET"]}}],"collection":[{"href":"https:\/\/www.gamm.com\/fr\/wp-json\/wp\/v2\/product"}],"about":[{"href":"https:\/\/www.gamm.com\/fr\/wp-json\/wp\/v2\/types\/product"}],"wp:featuredmedia":[{"embeddable":true,"href":"https:\/\/www.gamm.com\/fr\/wp-json\/wp\/v2\/media\/32110"}],"wp:attachment":[{"href":"https:\/\/www.gamm.com\/fr\/wp-json\/wp\/v2\/media?parent=34738"}],"wp:term":[{"taxonomy":"product_brand","embeddable":true,"href":"https:\/\/www.gamm.com\/fr\/wp-json\/wp\/v2\/product_brand?post=34738"},{"taxonomy":"product_cat","embeddable":true,"href":"https:\/\/www.gamm.com\/fr\/wp-json\/wp\/v2\/product_cat?post=34738"},{"taxonomy":"product_tag","embeddable":true,"href":"https:\/\/www.gamm.com\/fr\/wp-json\/wp\/v2\/product_tag?post=34738"}],"curies":[{"name":"wp","href":"https:\/\/api.w.org\/{rel}","templated":true}]}}