{"id":34762,"date":"2021-08-01T08:36:51","date_gmt":"2021-08-01T06:36:51","guid":{"rendered":"https:\/\/www.gamm.com\/non%20class\u00e9\/vr2af-mr\/"},"modified":"2026-03-10T09:43:45","modified_gmt":"2026-03-10T08:43:45","slug":"vr2af-mr","status":"publish","type":"product","link":"https:\/\/www.gamm.com\/fr\/volants-de-manoeuvre\/volant-a-branches\/vr2af-mr\/","title":{"rendered":"VR2AF\/MR"},"content":{"rendered":"","protected":false},"excerpt":{"rendered":"<p class=\"p1\"><span class=\"s1\">Moyeu en acier zingu\u00e9 traversant. Poign\u00e9e tournante rabattable \u00e0 d\u00e9clic.<br \/>\nDuroplast noir renforc\u00e9 de fibres.<br \/>\n<\/span><\/p>\n","protected":false},"featured_media":32210,"template":"","meta":{"_acf_changed":false},"product_brand":[],"product_cat":[1371,1377],"product_tag":[],"class_list":{"0":"post-34762","1":"product","2":"type-product","3":"status-publish","4":"has-post-thumbnail","6":"product_cat-volants-de-manoeuvre","7":"product_cat-volant-a-branches","8":"pa_brand-gamm-fr","9":"pa_materiale-duroplast","11":"first","12":"instock","13":"shipping-taxable","14":"purchasable","15":"product-type-variable"},"acf":[],"_links":{"self":[{"href":"https:\/\/www.gamm.com\/fr\/wp-json\/wp\/v2\/product\/34762","targetHints":{"allow":["GET"]}}],"collection":[{"href":"https:\/\/www.gamm.com\/fr\/wp-json\/wp\/v2\/product"}],"about":[{"href":"https:\/\/www.gamm.com\/fr\/wp-json\/wp\/v2\/types\/product"}],"wp:featuredmedia":[{"embeddable":true,"href":"https:\/\/www.gamm.com\/fr\/wp-json\/wp\/v2\/media\/32210"}],"wp:attachment":[{"href":"https:\/\/www.gamm.com\/fr\/wp-json\/wp\/v2\/media?parent=34762"}],"wp:term":[{"taxonomy":"product_brand","embeddable":true,"href":"https:\/\/www.gamm.com\/fr\/wp-json\/wp\/v2\/product_brand?post=34762"},{"taxonomy":"product_cat","embeddable":true,"href":"https:\/\/www.gamm.com\/fr\/wp-json\/wp\/v2\/product_cat?post=34762"},{"taxonomy":"product_tag","embeddable":true,"href":"https:\/\/www.gamm.com\/fr\/wp-json\/wp\/v2\/product_tag?post=34762"}],"curies":[{"name":"wp","href":"https:\/\/api.w.org\/{rel}","templated":true}]}}