{"id":34766,"date":"2021-08-01T08:32:59","date_gmt":"2021-08-01T06:32:59","guid":{"rendered":"https:\/\/www.gamm.com\/non%20class\u00e9\/alvr2x\/"},"modified":"2026-03-10T09:55:58","modified_gmt":"2026-03-10T08:55:58","slug":"alvr2x","status":"publish","type":"product","link":"https:\/\/www.gamm.com\/fr\/volants-de-manoeuvre\/volant-a-branches\/alvr2x\/","title":{"rendered":"ALVR2+X"},"content":{"rendered":"","protected":false},"excerpt":{"rendered":"<p><span class=\"s1\">Moyen al\u00e9s\u00e9 H7. Poign\u00e9e cylindrique libre en duroplast noir.<br \/>\nAluminium. Jante polie.<br \/>\n<\/span><\/p>\n","protected":false},"featured_media":32215,"template":"","meta":{"_acf_changed":false},"product_brand":[],"product_cat":[1371,1377],"product_tag":[],"class_list":{"0":"post-34766","1":"product","2":"type-product","3":"status-publish","4":"has-post-thumbnail","6":"product_cat-volants-de-manoeuvre","7":"product_cat-volant-a-branches","8":"pa_materiale-metallique","10":"first","11":"instock","12":"shipping-taxable","13":"purchasable","14":"product-type-variable"},"acf":[],"_links":{"self":[{"href":"https:\/\/www.gamm.com\/fr\/wp-json\/wp\/v2\/product\/34766","targetHints":{"allow":["GET"]}}],"collection":[{"href":"https:\/\/www.gamm.com\/fr\/wp-json\/wp\/v2\/product"}],"about":[{"href":"https:\/\/www.gamm.com\/fr\/wp-json\/wp\/v2\/types\/product"}],"wp:featuredmedia":[{"embeddable":true,"href":"https:\/\/www.gamm.com\/fr\/wp-json\/wp\/v2\/media\/32215"}],"wp:attachment":[{"href":"https:\/\/www.gamm.com\/fr\/wp-json\/wp\/v2\/media?parent=34766"}],"wp:term":[{"taxonomy":"product_brand","embeddable":true,"href":"https:\/\/www.gamm.com\/fr\/wp-json\/wp\/v2\/product_brand?post=34766"},{"taxonomy":"product_cat","embeddable":true,"href":"https:\/\/www.gamm.com\/fr\/wp-json\/wp\/v2\/product_cat?post=34766"},{"taxonomy":"product_tag","embeddable":true,"href":"https:\/\/www.gamm.com\/fr\/wp-json\/wp\/v2\/product_tag?post=34766"}],"curies":[{"name":"wp","href":"https:\/\/api.w.org\/{rel}","templated":true}]}}