{"id":34790,"date":"2021-08-01T08:07:38","date_gmt":"2021-08-01T06:07:38","guid":{"rendered":"https:\/\/www.gamm.com\/non%20class\u00e9\/mv-tm\/"},"modified":"2026-03-10T11:05:58","modified_gmt":"2026-03-10T10:05:58","slug":"mv-tm","status":"publish","type":"product","link":"https:\/\/www.gamm.com\/fr\/volants-de-manoeuvre\/manivelle\/mv-tm\/","title":{"rendered":"MV\/TM"},"content":{"rendered":"","protected":false},"excerpt":{"rendered":"<p>Poign\u00e9e tournante rabattable \u00e0 d\u00e9clic.<br \/>\nPlastique polyamide avec fibres de verre, surface mat.<\/p>\n","protected":false},"featured_media":32325,"template":"","meta":{"_acf_changed":false},"product_brand":[],"product_cat":[1371,1375],"product_tag":[],"class_list":{"0":"post-34790","1":"product","2":"type-product","3":"status-publish","4":"has-post-thumbnail","6":"product_cat-volants-de-manoeuvre","7":"product_cat-manivelle","8":"pa_brand-gamm-fr","9":"pa_materiale-technopolymere","11":"first","12":"instock","13":"shipping-taxable","14":"purchasable","15":"product-type-variable"},"acf":[],"_links":{"self":[{"href":"https:\/\/www.gamm.com\/fr\/wp-json\/wp\/v2\/product\/34790","targetHints":{"allow":["GET"]}}],"collection":[{"href":"https:\/\/www.gamm.com\/fr\/wp-json\/wp\/v2\/product"}],"about":[{"href":"https:\/\/www.gamm.com\/fr\/wp-json\/wp\/v2\/types\/product"}],"wp:featuredmedia":[{"embeddable":true,"href":"https:\/\/www.gamm.com\/fr\/wp-json\/wp\/v2\/media\/32325"}],"wp:attachment":[{"href":"https:\/\/www.gamm.com\/fr\/wp-json\/wp\/v2\/media?parent=34790"}],"wp:term":[{"taxonomy":"product_brand","embeddable":true,"href":"https:\/\/www.gamm.com\/fr\/wp-json\/wp\/v2\/product_brand?post=34790"},{"taxonomy":"product_cat","embeddable":true,"href":"https:\/\/www.gamm.com\/fr\/wp-json\/wp\/v2\/product_cat?post=34790"},{"taxonomy":"product_tag","embeddable":true,"href":"https:\/\/www.gamm.com\/fr\/wp-json\/wp\/v2\/product_tag?post=34790"}],"curies":[{"name":"wp","href":"https:\/\/api.w.org\/{rel}","templated":true}]}}