{"id":34795,"date":"2021-08-01T08:02:16","date_gmt":"2021-08-01T06:02:16","guid":{"rendered":"https:\/\/www.gamm.com\/non%20class\u00e9\/lm\/"},"modified":"2026-03-10T11:16:31","modified_gmt":"2026-03-10T10:16:31","slug":"lm","status":"publish","type":"product","link":"https:\/\/www.gamm.com\/fr\/volants-de-manoeuvre\/levier-de-manoeuvre\/lm\/","title":{"rendered":"LM"},"content":{"rendered":"","protected":false},"excerpt":{"rendered":"<p class=\"p1\"><span class=\"s1\">Moyeu et levier en acier zingu\u00e9, poign\u00e9e en duroplast noir.Poign\u00e9e fixe.<\/span>Corp en technopolym\u00e8re noir renforc\u00e9 fibre de verre.Corp en technopolym\u00e8re noir renforc\u00e9 fibre de verre.<\/p>\n","protected":false},"featured_media":32342,"template":"","meta":{"_acf_changed":false},"product_brand":[],"product_cat":[1371,1374],"product_tag":[],"class_list":{"0":"post-34795","1":"product","2":"type-product","3":"status-publish","4":"has-post-thumbnail","6":"product_cat-volants-de-manoeuvre","7":"product_cat-levier-de-manoeuvre","8":"pa_materiale-technopolymere","10":"first","11":"instock","12":"shipping-taxable","13":"purchasable","14":"product-type-variable"},"acf":[],"_links":{"self":[{"href":"https:\/\/www.gamm.com\/fr\/wp-json\/wp\/v2\/product\/34795","targetHints":{"allow":["GET"]}}],"collection":[{"href":"https:\/\/www.gamm.com\/fr\/wp-json\/wp\/v2\/product"}],"about":[{"href":"https:\/\/www.gamm.com\/fr\/wp-json\/wp\/v2\/types\/product"}],"wp:featuredmedia":[{"embeddable":true,"href":"https:\/\/www.gamm.com\/fr\/wp-json\/wp\/v2\/media\/32342"}],"wp:attachment":[{"href":"https:\/\/www.gamm.com\/fr\/wp-json\/wp\/v2\/media?parent=34795"}],"wp:term":[{"taxonomy":"product_brand","embeddable":true,"href":"https:\/\/www.gamm.com\/fr\/wp-json\/wp\/v2\/product_brand?post=34795"},{"taxonomy":"product_cat","embeddable":true,"href":"https:\/\/www.gamm.com\/fr\/wp-json\/wp\/v2\/product_cat?post=34795"},{"taxonomy":"product_tag","embeddable":true,"href":"https:\/\/www.gamm.com\/fr\/wp-json\/wp\/v2\/product_tag?post=34795"}],"curies":[{"name":"wp","href":"https:\/\/api.w.org\/{rel}","templated":true}]}}