{"id":35072,"date":"2021-10-19T14:14:37","date_gmt":"2021-10-19T12:14:37","guid":{"rendered":"https:\/\/www.gamm.com\/non%20class\u00e9\/mgr\/"},"modified":"2026-03-11T15:31:52","modified_gmt":"2026-03-11T14:31:52","slug":"mgr","status":"publish","type":"product","link":"https:\/\/www.gamm.com\/fr\/poignees-de-manoeuvre\/poignee-cylindrique-libre-benne-basculante\/mgr\/","title":{"rendered":"MGR"},"content":{"rendered":"","protected":false},"excerpt":{"rendered":"<p>Axe en acier avec m\u00e9canisme chrom\u00e9. Poign\u00e9e libre rabattable \u00e0 d\u00e9clic.<br \/>\nDuroplast noir.<\/p>\n","protected":false},"featured_media":32888,"template":"","meta":{"_acf_changed":false},"product_brand":[],"product_cat":[1417,1425],"product_tag":[],"class_list":{"0":"post-35072","1":"product","2":"type-product","3":"status-publish","4":"has-post-thumbnail","6":"product_cat-poignees-de-manoeuvre","7":"product_cat-poignee-cylindrique-libre-benne-basculante","8":"pa_brand-gamm-fr","9":"pa_materiale-duroplast","11":"first","12":"instock","13":"shipping-taxable","14":"purchasable","15":"product-type-variable"},"acf":[],"_links":{"self":[{"href":"https:\/\/www.gamm.com\/fr\/wp-json\/wp\/v2\/product\/35072","targetHints":{"allow":["GET"]}}],"collection":[{"href":"https:\/\/www.gamm.com\/fr\/wp-json\/wp\/v2\/product"}],"about":[{"href":"https:\/\/www.gamm.com\/fr\/wp-json\/wp\/v2\/types\/product"}],"wp:featuredmedia":[{"embeddable":true,"href":"https:\/\/www.gamm.com\/fr\/wp-json\/wp\/v2\/media\/32888"}],"wp:attachment":[{"href":"https:\/\/www.gamm.com\/fr\/wp-json\/wp\/v2\/media?parent=35072"}],"wp:term":[{"taxonomy":"product_brand","embeddable":true,"href":"https:\/\/www.gamm.com\/fr\/wp-json\/wp\/v2\/product_brand?post=35072"},{"taxonomy":"product_cat","embeddable":true,"href":"https:\/\/www.gamm.com\/fr\/wp-json\/wp\/v2\/product_cat?post=35072"},{"taxonomy":"product_tag","embeddable":true,"href":"https:\/\/www.gamm.com\/fr\/wp-json\/wp\/v2\/product_tag?post=35072"}],"curies":[{"name":"wp","href":"https:\/\/api.w.org\/{rel}","templated":true}]}}