{"id":35076,"date":"2021-10-19T13:59:01","date_gmt":"2021-10-19T11:59:01","guid":{"rendered":"https:\/\/www.gamm.com\/non%20class\u00e9\/mcgb\/"},"modified":"2026-03-11T15:36:28","modified_gmt":"2026-03-11T14:36:28","slug":"mcgb","status":"publish","type":"product","link":"https:\/\/www.gamm.com\/fr\/poignees-de-manoeuvre\/poignee-conique-libre\/mcgb\/","title":{"rendered":"MCGB"},"content":{"rendered":"","protected":false},"excerpt":{"rendered":"<p>Perno girevole in acciaio zincato filettato con bloccaggio a chiave.<br \/>\nAxe filet\u00e9 en acier zingu\u00e9 avec m\u00e9plats de blocage.<\/p>\n","protected":false},"featured_media":32892,"template":"","meta":{"_acf_changed":false},"product_brand":[],"product_cat":[1417,1424],"product_tag":[],"class_list":{"0":"post-35076","1":"product","2":"type-product","3":"status-publish","4":"has-post-thumbnail","6":"product_cat-poignees-de-manoeuvre","7":"product_cat-poignee-conique-libre","8":"pa_brand-gamm-fr","9":"pa_materiale-duroplast","11":"first","12":"instock","13":"shipping-taxable","14":"purchasable","15":"product-type-variable"},"acf":[],"_links":{"self":[{"href":"https:\/\/www.gamm.com\/fr\/wp-json\/wp\/v2\/product\/35076","targetHints":{"allow":["GET"]}}],"collection":[{"href":"https:\/\/www.gamm.com\/fr\/wp-json\/wp\/v2\/product"}],"about":[{"href":"https:\/\/www.gamm.com\/fr\/wp-json\/wp\/v2\/types\/product"}],"wp:featuredmedia":[{"embeddable":true,"href":"https:\/\/www.gamm.com\/fr\/wp-json\/wp\/v2\/media\/32892"}],"wp:attachment":[{"href":"https:\/\/www.gamm.com\/fr\/wp-json\/wp\/v2\/media?parent=35076"}],"wp:term":[{"taxonomy":"product_brand","embeddable":true,"href":"https:\/\/www.gamm.com\/fr\/wp-json\/wp\/v2\/product_brand?post=35076"},{"taxonomy":"product_cat","embeddable":true,"href":"https:\/\/www.gamm.com\/fr\/wp-json\/wp\/v2\/product_cat?post=35076"},{"taxonomy":"product_tag","embeddable":true,"href":"https:\/\/www.gamm.com\/fr\/wp-json\/wp\/v2\/product_tag?post=35076"}],"curies":[{"name":"wp","href":"https:\/\/api.w.org\/{rel}","templated":true}]}}