{"id":35091,"date":"2021-10-19T11:33:38","date_gmt":"2021-10-19T09:33:38","guid":{"rendered":"https:\/\/www.gamm.com\/non%20class\u00e9\/mcgt\/"},"modified":"2026-03-11T15:51:15","modified_gmt":"2026-03-11T14:51:15","slug":"mcgt","status":"publish","type":"product","link":"https:\/\/www.gamm.com\/fr\/poignees-de-manoeuvre\/poignee-cylindrique-cannelee-pivot\/mcgt\/","title":{"rendered":"MCGT"},"content":{"rendered":"","protected":false},"excerpt":{"rendered":"<p>Axe filet\u00e9 en acier zingu\u00e9 avec m\u00e9plats de blocage.<br \/>\nPlastique polyamide, surface mat.<\/p>\n","protected":false},"featured_media":32905,"template":"","meta":{"_acf_changed":false},"product_brand":[],"product_cat":[1417,1428],"product_tag":[],"class_list":{"0":"post-35091","1":"product","2":"type-product","3":"status-publish","4":"has-post-thumbnail","6":"product_cat-poignees-de-manoeuvre","7":"product_cat-poignee-cylindrique-cannelee-pivot","8":"pa_brand-gamm-fr","9":"pa_materiale-technopolymere","11":"first","12":"instock","13":"shipping-taxable","14":"purchasable","15":"product-type-variable"},"acf":[],"_links":{"self":[{"href":"https:\/\/www.gamm.com\/fr\/wp-json\/wp\/v2\/product\/35091","targetHints":{"allow":["GET"]}}],"collection":[{"href":"https:\/\/www.gamm.com\/fr\/wp-json\/wp\/v2\/product"}],"about":[{"href":"https:\/\/www.gamm.com\/fr\/wp-json\/wp\/v2\/types\/product"}],"wp:featuredmedia":[{"embeddable":true,"href":"https:\/\/www.gamm.com\/fr\/wp-json\/wp\/v2\/media\/32905"}],"wp:attachment":[{"href":"https:\/\/www.gamm.com\/fr\/wp-json\/wp\/v2\/media?parent=35091"}],"wp:term":[{"taxonomy":"product_brand","embeddable":true,"href":"https:\/\/www.gamm.com\/fr\/wp-json\/wp\/v2\/product_brand?post=35091"},{"taxonomy":"product_cat","embeddable":true,"href":"https:\/\/www.gamm.com\/fr\/wp-json\/wp\/v2\/product_cat?post=35091"},{"taxonomy":"product_tag","embeddable":true,"href":"https:\/\/www.gamm.com\/fr\/wp-json\/wp\/v2\/product_tag?post=35091"}],"curies":[{"name":"wp","href":"https:\/\/api.w.org\/{rel}","templated":true}]}}