{"id":35193,"date":"2021-11-08T11:27:12","date_gmt":"2021-11-08T10:27:12","guid":{"rendered":"https:\/\/www.gamm.com\/non%20class\u00e9\/kfb\/"},"modified":"2026-03-11T16:51:59","modified_gmt":"2026-03-11T15:51:59","slug":"kfb","status":"publish","type":"product","link":"https:\/\/www.gamm.com\/fr\/levier-debrayable\/levier\/kfb\/","title":{"rendered":"KFB"},"content":{"rendered":"","protected":false},"excerpt":{"rendered":"<p>Insert en laiton borgne taraud\u00e9.Technopolym\u00e8re mat renforc\u00e9 fibre de verre.<\/p>\n","protected":false},"featured_media":33143,"template":"","meta":{"_acf_changed":false},"product_brand":[],"product_cat":[1443,1445],"product_tag":[],"class_list":{"0":"post-35193","1":"product","2":"type-product","3":"status-publish","4":"has-post-thumbnail","6":"product_cat-levier-debrayable","7":"product_cat-levier","8":"pa_brand-gamm-fr","9":"pa_materiale-technopolymere","11":"first","12":"instock","13":"shipping-taxable","14":"purchasable","15":"product-type-variable"},"acf":[],"_links":{"self":[{"href":"https:\/\/www.gamm.com\/fr\/wp-json\/wp\/v2\/product\/35193","targetHints":{"allow":["GET"]}}],"collection":[{"href":"https:\/\/www.gamm.com\/fr\/wp-json\/wp\/v2\/product"}],"about":[{"href":"https:\/\/www.gamm.com\/fr\/wp-json\/wp\/v2\/types\/product"}],"wp:featuredmedia":[{"embeddable":true,"href":"https:\/\/www.gamm.com\/fr\/wp-json\/wp\/v2\/media\/33143"}],"wp:attachment":[{"href":"https:\/\/www.gamm.com\/fr\/wp-json\/wp\/v2\/media?parent=35193"}],"wp:term":[{"taxonomy":"product_brand","embeddable":true,"href":"https:\/\/www.gamm.com\/fr\/wp-json\/wp\/v2\/product_brand?post=35193"},{"taxonomy":"product_cat","embeddable":true,"href":"https:\/\/www.gamm.com\/fr\/wp-json\/wp\/v2\/product_cat?post=35193"},{"taxonomy":"product_tag","embeddable":true,"href":"https:\/\/www.gamm.com\/fr\/wp-json\/wp\/v2\/product_tag?post=35193"}],"curies":[{"name":"wp","href":"https:\/\/api.w.org\/{rel}","templated":true}]}}