{"id":35234,"date":"2021-12-02T16:06:28","date_gmt":"2021-12-02T15:06:28","guid":{"rendered":"https:\/\/www.gamm.com\/non%20class\u00e9\/bm\/"},"modified":"2026-03-13T15:23:42","modified_gmt":"2026-03-13T14:23:42","slug":"bm","status":"publish","type":"product","link":"https:\/\/www.gamm.com\/fr\/materiel-electriques\/bornier\/bm\/","title":{"rendered":"BM"},"content":{"rendered":"","protected":false},"excerpt":{"rendered":"<p>Insert en laiton \u00e0 base ronde.<br \/>\nR\u00e9sine ph\u00e9nolique renforc\u00e9e. Class d\u2019isolation E.<\/p>\n","protected":false},"featured_media":33227,"template":"","meta":{"_acf_changed":false},"product_brand":[],"product_cat":[1446,1449],"product_tag":[],"class_list":{"0":"post-35234","1":"product","2":"type-product","3":"status-publish","4":"has-post-thumbnail","6":"product_cat-materiel-electriques","7":"product_cat-bornier","8":"pa_brand-gamm-fr","9":"pa_materiale-duroplast","11":"first","12":"instock","13":"shipping-taxable","14":"purchasable","15":"product-type-variable"},"acf":[],"_links":{"self":[{"href":"https:\/\/www.gamm.com\/fr\/wp-json\/wp\/v2\/product\/35234","targetHints":{"allow":["GET"]}}],"collection":[{"href":"https:\/\/www.gamm.com\/fr\/wp-json\/wp\/v2\/product"}],"about":[{"href":"https:\/\/www.gamm.com\/fr\/wp-json\/wp\/v2\/types\/product"}],"wp:featuredmedia":[{"embeddable":true,"href":"https:\/\/www.gamm.com\/fr\/wp-json\/wp\/v2\/media\/33227"}],"wp:attachment":[{"href":"https:\/\/www.gamm.com\/fr\/wp-json\/wp\/v2\/media?parent=35234"}],"wp:term":[{"taxonomy":"product_brand","embeddable":true,"href":"https:\/\/www.gamm.com\/fr\/wp-json\/wp\/v2\/product_brand?post=35234"},{"taxonomy":"product_cat","embeddable":true,"href":"https:\/\/www.gamm.com\/fr\/wp-json\/wp\/v2\/product_cat?post=35234"},{"taxonomy":"product_tag","embeddable":true,"href":"https:\/\/www.gamm.com\/fr\/wp-json\/wp\/v2\/product_tag?post=35234"}],"curies":[{"name":"wp","href":"https:\/\/api.w.org\/{rel}","templated":true}]}}