{"id":35253,"date":"2021-12-03T14:20:31","date_gmt":"2021-12-03T13:20:31","guid":{"rendered":"https:\/\/www.gamm.com\/non%20class\u00e9\/martello\/"},"modified":"2026-03-10T19:20:18","modified_gmt":"2026-03-10T18:20:18","slug":"martello","status":"publish","type":"product","link":"https:\/\/www.gamm.com\/fr\/outillage\/marteau\/martello\/","title":{"rendered":"Marteau"},"content":{"rendered":"","protected":false},"excerpt":{"rendered":"<p>Marteau en acier tremp\u00e9 et lisse. Poign\u00e9e en plastique solide brevet\u00e9e.<br \/>\nR\u00e9sine thermoplastique rouge.<\/p>\n","protected":false},"featured_media":32019,"template":"","meta":{"_acf_changed":false},"product_brand":[],"product_cat":[1360,1359],"product_tag":[],"class_list":{"0":"post-35253","1":"product","2":"type-product","3":"status-publish","4":"has-post-thumbnail","6":"product_cat-outillage","7":"product_cat-marteau","8":"pa_brand-gamm-fr","9":"pa_materiale-technopolymere","11":"first","12":"instock","13":"shipping-taxable","14":"purchasable","15":"product-type-variable"},"acf":[],"_links":{"self":[{"href":"https:\/\/www.gamm.com\/fr\/wp-json\/wp\/v2\/product\/35253","targetHints":{"allow":["GET"]}}],"collection":[{"href":"https:\/\/www.gamm.com\/fr\/wp-json\/wp\/v2\/product"}],"about":[{"href":"https:\/\/www.gamm.com\/fr\/wp-json\/wp\/v2\/types\/product"}],"wp:featuredmedia":[{"embeddable":true,"href":"https:\/\/www.gamm.com\/fr\/wp-json\/wp\/v2\/media\/32019"}],"wp:attachment":[{"href":"https:\/\/www.gamm.com\/fr\/wp-json\/wp\/v2\/media?parent=35253"}],"wp:term":[{"taxonomy":"product_brand","embeddable":true,"href":"https:\/\/www.gamm.com\/fr\/wp-json\/wp\/v2\/product_brand?post=35253"},{"taxonomy":"product_cat","embeddable":true,"href":"https:\/\/www.gamm.com\/fr\/wp-json\/wp\/v2\/product_cat?post=35253"},{"taxonomy":"product_tag","embeddable":true,"href":"https:\/\/www.gamm.com\/fr\/wp-json\/wp\/v2\/product_tag?post=35253"}],"curies":[{"name":"wp","href":"https:\/\/api.w.org\/{rel}","templated":true}]}}