{"id":35254,"date":"2021-12-03T14:12:06","date_gmt":"2021-12-03T13:12:06","guid":{"rendered":"https:\/\/www.gamm.com\/non%20class\u00e9\/manico-martello\/"},"modified":"2026-03-10T19:20:19","modified_gmt":"2026-03-10T18:20:19","slug":"manico-martello","status":"publish","type":"product","link":"https:\/\/www.gamm.com\/fr\/outillage\/manche-pour-marteau\/manico-martello\/","title":{"rendered":"Poign\u00e9e pour Marteau"},"content":{"rendered":"","protected":false},"excerpt":{"rendered":"<p>Insert m\u00e9tallique de fixation int\u00e9gr\u00e9. Il emp\u00eache le d\u00e9tachement de la plinthe. Il amortit le rebond. Marteau \u00e0 \u0153il unifi\u00e9 DIN 1041.<br \/>\nR\u00e9sine thermoplastique rouge.<\/p>\n","protected":false},"featured_media":32022,"template":"","meta":{"_acf_changed":false},"product_brand":[],"product_cat":[1360,1363],"product_tag":[],"class_list":{"0":"post-35254","1":"product","2":"type-product","3":"status-publish","4":"has-post-thumbnail","6":"product_cat-outillage","7":"product_cat-manche-pour-marteau","8":"pa_brand-gamm-fr","9":"pa_materiale-technopolymere","11":"first","12":"instock","13":"shipping-taxable","14":"purchasable","15":"product-type-variable"},"acf":[],"_links":{"self":[{"href":"https:\/\/www.gamm.com\/fr\/wp-json\/wp\/v2\/product\/35254","targetHints":{"allow":["GET"]}}],"collection":[{"href":"https:\/\/www.gamm.com\/fr\/wp-json\/wp\/v2\/product"}],"about":[{"href":"https:\/\/www.gamm.com\/fr\/wp-json\/wp\/v2\/types\/product"}],"wp:featuredmedia":[{"embeddable":true,"href":"https:\/\/www.gamm.com\/fr\/wp-json\/wp\/v2\/media\/32022"}],"wp:attachment":[{"href":"https:\/\/www.gamm.com\/fr\/wp-json\/wp\/v2\/media?parent=35254"}],"wp:term":[{"taxonomy":"product_brand","embeddable":true,"href":"https:\/\/www.gamm.com\/fr\/wp-json\/wp\/v2\/product_brand?post=35254"},{"taxonomy":"product_cat","embeddable":true,"href":"https:\/\/www.gamm.com\/fr\/wp-json\/wp\/v2\/product_cat?post=35254"},{"taxonomy":"product_tag","embeddable":true,"href":"https:\/\/www.gamm.com\/fr\/wp-json\/wp\/v2\/product_tag?post=35254"}],"curies":[{"name":"wp","href":"https:\/\/api.w.org\/{rel}","templated":true}]}}