{"id":35255,"date":"2021-12-03T14:06:28","date_gmt":"2021-12-03T13:06:28","guid":{"rendered":"https:\/\/www.gamm.com\/non%20class\u00e9\/mazzuola-battente-in-plastica\/"},"modified":"2026-03-10T19:20:22","modified_gmt":"2026-03-10T18:20:22","slug":"mazzuola-battente-in-plastica","status":"publish","type":"product","link":"https:\/\/www.gamm.com\/fr\/outillage\/maillet\/mazzuola-battente-in-plastica\/","title":{"rendered":"Maillet en plastique"},"content":{"rendered":"","protected":false},"excerpt":{"rendered":"<p>Corps en fonte r\u00e9sistant aux chocs avec des caract\u00e9ristiques m\u00e9caniques \u00e9lev\u00e9es\u00a0; outil usin\u00e9 pour les applications de portes dans divers mat\u00e9riaux. \u0152il qui permet l&rsquo;insertion de la poign\u00e9e avec verrouillage du corps de mani\u00e8re rationnelle et de mani\u00e8re \u00e0 \u00e9viter tout glissement.<br \/>\nManche en techopolym\u00e9re et corp en fer de fonte et maillet en plastique.<\/p>\n","protected":false},"featured_media":32024,"template":"","meta":{"_acf_changed":false},"product_brand":[],"product_cat":[1360,1364],"product_tag":[],"class_list":{"0":"post-35255","1":"product","2":"type-product","3":"status-publish","4":"has-post-thumbnail","6":"product_cat-outillage","7":"product_cat-maillet","8":"pa_brand-gamm-fr","9":"pa_materiale-technopolymere","11":"first","12":"instock","13":"shipping-taxable","14":"purchasable","15":"product-type-variable"},"acf":[],"_links":{"self":[{"href":"https:\/\/www.gamm.com\/fr\/wp-json\/wp\/v2\/product\/35255","targetHints":{"allow":["GET"]}}],"collection":[{"href":"https:\/\/www.gamm.com\/fr\/wp-json\/wp\/v2\/product"}],"about":[{"href":"https:\/\/www.gamm.com\/fr\/wp-json\/wp\/v2\/types\/product"}],"wp:featuredmedia":[{"embeddable":true,"href":"https:\/\/www.gamm.com\/fr\/wp-json\/wp\/v2\/media\/32024"}],"wp:attachment":[{"href":"https:\/\/www.gamm.com\/fr\/wp-json\/wp\/v2\/media?parent=35255"}],"wp:term":[{"taxonomy":"product_brand","embeddable":true,"href":"https:\/\/www.gamm.com\/fr\/wp-json\/wp\/v2\/product_brand?post=35255"},{"taxonomy":"product_cat","embeddable":true,"href":"https:\/\/www.gamm.com\/fr\/wp-json\/wp\/v2\/product_cat?post=35255"},{"taxonomy":"product_tag","embeddable":true,"href":"https:\/\/www.gamm.com\/fr\/wp-json\/wp\/v2\/product_tag?post=35255"}],"curies":[{"name":"wp","href":"https:\/\/api.w.org\/{rel}","templated":true}]}}