{"id":35257,"date":"2021-12-03T13:42:25","date_gmt":"2021-12-03T12:42:25","guid":{"rendered":"https:\/\/www.gamm.com\/non%20class\u00e9\/manico-mazzuola\/"},"modified":"2026-03-10T19:20:32","modified_gmt":"2026-03-10T18:20:32","slug":"manico-mazzuola","status":"publish","type":"product","link":"https:\/\/www.gamm.com\/fr\/outillage\/manche-pour-maillet\/manico-mazzuola\/","title":{"rendered":"Poign\u00e9e pour Maillet"},"content":{"rendered":"","protected":false},"excerpt":{"rendered":"<p>Insert m\u00e9tallique de fixation int\u00e9gr\u00e9. Il emp\u00eache le d\u00e9tachement de la plinthe. Il amortit le rebond.<br \/>\nR\u00e9sine thermoplastique rouge.<\/p>\n","protected":false},"featured_media":32030,"template":"","meta":{"_acf_changed":false},"product_brand":[],"product_cat":[1360,1365],"product_tag":[],"class_list":{"0":"post-35257","1":"product","2":"type-product","3":"status-publish","4":"has-post-thumbnail","6":"product_cat-outillage","7":"product_cat-manche-pour-maillet","8":"pa_brand-gamm-fr","9":"pa_materiale-technopolymere","11":"first","12":"instock","13":"shipping-taxable","14":"purchasable","15":"product-type-variable"},"acf":[],"_links":{"self":[{"href":"https:\/\/www.gamm.com\/fr\/wp-json\/wp\/v2\/product\/35257","targetHints":{"allow":["GET"]}}],"collection":[{"href":"https:\/\/www.gamm.com\/fr\/wp-json\/wp\/v2\/product"}],"about":[{"href":"https:\/\/www.gamm.com\/fr\/wp-json\/wp\/v2\/types\/product"}],"wp:featuredmedia":[{"embeddable":true,"href":"https:\/\/www.gamm.com\/fr\/wp-json\/wp\/v2\/media\/32030"}],"wp:attachment":[{"href":"https:\/\/www.gamm.com\/fr\/wp-json\/wp\/v2\/media?parent=35257"}],"wp:term":[{"taxonomy":"product_brand","embeddable":true,"href":"https:\/\/www.gamm.com\/fr\/wp-json\/wp\/v2\/product_brand?post=35257"},{"taxonomy":"product_cat","embeddable":true,"href":"https:\/\/www.gamm.com\/fr\/wp-json\/wp\/v2\/product_cat?post=35257"},{"taxonomy":"product_tag","embeddable":true,"href":"https:\/\/www.gamm.com\/fr\/wp-json\/wp\/v2\/product_tag?post=35257"}],"curies":[{"name":"wp","href":"https:\/\/api.w.org\/{rel}","templated":true}]}}