{"id":35261,"date":"2021-12-03T11:52:26","date_gmt":"2021-12-03T10:52:26","guid":{"rendered":"https:\/\/www.gamm.com\/non%20class\u00e9\/manico-mazzetta\/"},"modified":"2026-03-10T19:24:48","modified_gmt":"2026-03-10T18:24:48","slug":"manico-mazzetta","status":"publish","type":"product","link":"https:\/\/www.gamm.com\/fr\/outillage\/manche-pour-massette\/manico-mazzetta\/","title":{"rendered":"Manche pour massette"},"content":{"rendered":"","protected":false},"excerpt":{"rendered":"<p>Insert d&rsquo;ancrage m\u00e9tallique incorpor\u00e9, verrouillage compl\u00e9t\u00e9 par un c\u00f4ne avec vis Allen qui se visse sur l&rsquo;insert d&rsquo;ancrage. Emp\u00eache le d\u00e9nudage de la partie pivotante. Absorbe le rebond. Oeil unifi\u00e9 selon le tableau DIN 6475 pour les massettes<\/p>\n<p>R\u00e9sine thermoplastique rouge.<\/p>\n","protected":false},"featured_media":32039,"template":"","meta":{"_acf_changed":false},"product_brand":[],"product_cat":[1360,1368],"product_tag":[],"class_list":{"0":"post-35261","1":"product","2":"type-product","3":"status-publish","4":"has-post-thumbnail","6":"product_cat-outillage","7":"product_cat-manche-pour-massette","8":"pa_brand-gamm-fr","9":"pa_materiale-technopolymere","11":"first","12":"instock","13":"shipping-taxable","14":"purchasable","15":"product-type-variable"},"acf":[],"_links":{"self":[{"href":"https:\/\/www.gamm.com\/fr\/wp-json\/wp\/v2\/product\/35261","targetHints":{"allow":["GET"]}}],"collection":[{"href":"https:\/\/www.gamm.com\/fr\/wp-json\/wp\/v2\/product"}],"about":[{"href":"https:\/\/www.gamm.com\/fr\/wp-json\/wp\/v2\/types\/product"}],"wp:featuredmedia":[{"embeddable":true,"href":"https:\/\/www.gamm.com\/fr\/wp-json\/wp\/v2\/media\/32039"}],"wp:attachment":[{"href":"https:\/\/www.gamm.com\/fr\/wp-json\/wp\/v2\/media?parent=35261"}],"wp:term":[{"taxonomy":"product_brand","embeddable":true,"href":"https:\/\/www.gamm.com\/fr\/wp-json\/wp\/v2\/product_brand?post=35261"},{"taxonomy":"product_cat","embeddable":true,"href":"https:\/\/www.gamm.com\/fr\/wp-json\/wp\/v2\/product_cat?post=35261"},{"taxonomy":"product_tag","embeddable":true,"href":"https:\/\/www.gamm.com\/fr\/wp-json\/wp\/v2\/product_tag?post=35261"}],"curies":[{"name":"wp","href":"https:\/\/api.w.org\/{rel}","templated":true}]}}