{"id":35774,"date":"2022-01-19T09:51:36","date_gmt":"2022-01-19T08:51:36","guid":{"rendered":"https:\/\/www.gamm.com\/non%20class\u00e9\/dg33\/"},"modified":"2026-03-13T11:52:12","modified_gmt":"2026-03-13T10:52:12","slug":"dg33","status":"publish","type":"product","link":"https:\/\/www.gamm.com\/fr\/instruments-de-mesure-et-controle\/indicateur-de-position\/dg33\/","title":{"rendered":"DG33"},"content":{"rendered":"<p><div class=\"fusion-fullwidth fullwidth-box fusion-builder-row-1 fusion-flex-container nonhundred-percent-fullwidth non-hundred-percent-height-scrolling\" style=\"--awb-border-radius-top-left:0px;--awb-border-radius-top-right:0px;--awb-border-radius-bottom-right:0px;--awb-border-radius-bottom-left:0px;--awb-flex-wrap:wrap;\" ><div class=\"fusion-builder-row fusion-row fusion-flex-align-items-flex-start fusion-flex-content-wrap\" style=\"max-width:1497.6px;margin-left: calc(-4% \/ 2 );margin-right: calc(-4% \/ 2 );\"><div class=\"fusion-layout-column fusion_builder_column fusion-builder-column-0 fusion_builder_column_1_1 1_1 fusion-flex-column\" style=\"--awb-padding-top:20px;--awb-padding-bottom:20px;--awb-bg-color:#46bccd;--awb-bg-color-hover:#46bccd;--awb-bg-size:cover;--awb-width-large:100%;--awb-margin-top-large:0px;--awb-spacing-right-large:0px;--awb-margin-bottom-large:0px;--awb-spacing-left-large:0px;--awb-width-medium:100%;--awb-order-medium:0;--awb-spacing-right-medium:0px;--awb-spacing-left-medium:0px;--awb-width-small:100%;--awb-order-small:0;--awb-spacing-right-small:1.92%;--awb-spacing-left-small:1.92%;\"><div class=\"fusion-column-wrapper fusion-column-has-shadow fusion-flex-justify-content-flex-start fusion-content-layout-column\"><div class=\"fusion-title title fusion-title-1 fusion-sep-none fusion-title-center fusion-title-text fusion-title-size-two\" style=\"--awb-text-color:#ffffff;--awb-margin-top:0px;--awb-margin-bottom:0px;--awb-margin-top-small:10px;--awb-margin-right-small:0px;--awb-margin-bottom-small:10px;--awb-margin-left-small:0px;--awb-font-size:20px;\"><h2 class=\"fusion-title-heading title-heading-center fusion-responsive-typography-calculated\" style=\"font-family:&quot;Rajdhani&quot;;font-style:normal;font-weight:700;margin:0;font-size:1em;--fontSize:20;--minFontSize:20;line-height:1.1;\">Mounting position<\/h2><\/div><\/div><\/div><div class=\"fusion-layout-column fusion_builder_column fusion-builder-column-1 fusion_builder_column_1_1 1_1 fusion-flex-column\" style=\"--awb-bg-size:cover;--awb-width-large:100%;--awb-margin-top-large:0px;--awb-spacing-right-large:0px;--awb-margin-bottom-large:0px;--awb-spacing-left-large:0px;--awb-width-medium:100%;--awb-order-medium:0;--awb-spacing-right-medium:0px;--awb-spacing-left-medium:0px;--awb-width-small:100%;--awb-order-small:0;--awb-spacing-right-small:1.92%;--awb-spacing-left-small:1.92%;\"><div class=\"fusion-column-wrapper fusion-column-has-shadow fusion-flex-justify-content-flex-start fusion-content-layout-column\"><div class=\"fusion-image-element \" style=\"text-align:center;--awb-max-width:100%;--awb-caption-title-font-family:var(--h2_typography-font-family);--awb-caption-title-font-weight:var(--h2_typography-font-weight);--awb-caption-title-font-style:var(--h2_typography-font-style);--awb-caption-title-size:var(--h2_typography-font-size);--awb-caption-title-transform:var(--h2_typography-text-transform);--awb-caption-title-line-height:var(--h2_typography-line-height);--awb-caption-title-letter-spacing:var(--h2_typography-letter-spacing);\"><span class=\" fusion-imageframe imageframe-none imageframe-1 hover-type-none\"><img decoding=\"async\" width=\"1490\" height=\"350\" title=\"DG33_2-disegno_strumenti_di_misura_GAM\" src=\"https:\/\/www.gamm.com\/wp-content\/uploads\/2021\/12\/DG33_2-disegno_strumenti_di_misura_GAM.jpg\" data-orig-src=\"https:\/\/gamm.com\/wp-content\/uploads\/2021\/12\/DG33_2-disegno_strumenti_di_misura_GAM.jpg\" class=\"lazyload img-responsive wp-image-33624\" srcset=\"data:image\/svg+xml,%3Csvg%20xmlns%3D%27http%3A%2F%2Fwww.w3.org%2F2000%2Fsvg%27%20width%3D%271490%27%20height%3D%27350%27%20viewBox%3D%270%200%201490%20350%27%3E%3Crect%20width%3D%271490%27%20height%3D%27350%27%20fill-opacity%3D%220%22%2F%3E%3C%2Fsvg%3E\" data-srcset=\"https:\/\/www.gamm.com\/wp-content\/uploads\/2021\/12\/DG33_2-disegno_strumenti_di_misura_GAM-200x47.jpg 200w, https:\/\/www.gamm.com\/wp-content\/uploads\/2021\/12\/DG33_2-disegno_strumenti_di_misura_GAM-400x94.jpg 400w, https:\/\/www.gamm.com\/wp-content\/uploads\/2021\/12\/DG33_2-disegno_strumenti_di_misura_GAM-600x141.jpg 600w, https:\/\/www.gamm.com\/wp-content\/uploads\/2021\/12\/DG33_2-disegno_strumenti_di_misura_GAM-800x188.jpg 800w, https:\/\/www.gamm.com\/wp-content\/uploads\/2021\/12\/DG33_2-disegno_strumenti_di_misura_GAM-1200x282.jpg 1200w, https:\/\/www.gamm.com\/wp-content\/uploads\/2021\/12\/DG33_2-disegno_strumenti_di_misura_GAM.jpg 1490w\" data-sizes=\"auto\" data-orig-sizes=\"(max-width: 720px) 100vw, 1490px\" alt=\"\"><\/span><\/div><\/div><\/div><\/div><\/div><div class=\"fusion-fullwidth fullwidth-box fusion-builder-row-2 fusion-flex-container nonhundred-percent-fullwidth non-hundred-percent-height-scrolling\" style=\"--awb-border-radius-top-left:0px;--awb-border-radius-top-right:0px;--awb-border-radius-bottom-right:0px;--awb-border-radius-bottom-left:0px;--awb-margin-top:50px;--awb-flex-wrap:wrap;\" ><div class=\"fusion-builder-row fusion-row fusion-flex-align-items-flex-start fusion-flex-content-wrap\" style=\"max-width:1497.6px;margin-left: calc(-4% \/ 2 );margin-right: calc(-4% \/ 2 );\"><div class=\"fusion-layout-column fusion_builder_column fusion-builder-column-2 fusion_builder_column_1_1 1_1 fusion-flex-column\" style=\"--awb-bg-size:cover;--awb-width-large:100%;--awb-margin-top-large:0px;--awb-spacing-right-large:0px;--awb-margin-bottom-large:0px;--awb-spacing-left-large:0px;--awb-width-medium:100%;--awb-order-medium:0;--awb-spacing-right-medium:0px;--awb-spacing-left-medium:0px;--awb-width-small:100%;--awb-order-small:0;--awb-spacing-right-small:1.92%;--awb-spacing-left-small:1.92%;\"><div class=\"fusion-column-wrapper fusion-column-has-shadow fusion-flex-justify-content-flex-start fusion-content-layout-column\">\n<div class=\"table-1 table_strumenti_di_misura tecnopolimero\">\n<div class=\"table-1 table_strumenti_di_misura tecnopolimero\">\n<table width=\"100%\">\n<thead>\n<tr>\n<th style=\"text-align: center;\" align=\"left\">Use<\/th>\n<th style=\"text-align: center;\" align=\"left\">Revolution<\/th>\n<th style=\"text-align: center;\" align=\"left\">Counter<\/th>\n<th style=\"text-align: center;\" align=\"left\">Bushing<\/th>\n<th style=\"text-align: center;\" align=\"left\">Lock pin<\/th>\n<th style=\"text-align: center;\" align=\"left\">Strip<\/th>\n<\/tr>\n<\/thead>\n<tbody>\n<tr>\n<td align=\"left\">Instrument to adjust and directly read a motion (or an angle) obtained by a drive shaft rotation.<\/td>\n<td align=\"left\">0 = clockwise,<br \/>increasing values.<br \/>S = anti-clockwise, increasing values.<\/td>\n<td align=\"left\">4 digits (three black and one red to indicate the decimal), digit height 4.5 mm.<\/td>\n<td align=\"left\">Burnished steel, hole 14 H7.<br \/>Reduction bushes D.10-12 are available.<\/td>\n<td align=\"left\">D.6 locks instrument whilst shaft rotates.<\/td>\n<td align=\"left\">Black polyurethane, included.<\/td>\n<\/tr>\n<\/tbody>\n<\/table>\n<\/div>\n<\/div>\n<\/div><\/div><\/div><\/div><div class=\"fusion-fullwidth fullwidth-box fusion-builder-row-3 fusion-flex-container nonhundred-percent-fullwidth non-hundred-percent-height-scrolling\" style=\"--awb-border-radius-top-left:0px;--awb-border-radius-top-right:0px;--awb-border-radius-bottom-right:0px;--awb-border-radius-bottom-left:0px;--awb-margin-top:50px;--awb-flex-wrap:wrap;\" ><div class=\"fusion-builder-row fusion-row fusion-flex-align-items-stretch fusion-flex-content-wrap\" style=\"max-width:1497.6px;margin-left: calc(-4% \/ 2 );margin-right: calc(-4% \/ 2 );\"><div class=\"fusion-layout-column fusion_builder_column fusion-builder-column-3 fusion_builder_column_1_4 1_4 fusion-flex-column fusion-flex-align-self-stretch\" style=\"--awb-bg-size:cover;--awb-width-large:25%;--awb-margin-top-large:0px;--awb-spacing-right-large:0px;--awb-margin-bottom-large:0px;--awb-spacing-left-large:0px;--awb-width-medium:25%;--awb-order-medium:0;--awb-spacing-right-medium:0px;--awb-spacing-left-medium:0px;--awb-width-small:100%;--awb-order-small:0;--awb-spacing-right-small:1.92%;--awb-spacing-left-small:1.92%;\"><div class=\"fusion-column-wrapper fusion-column-has-shadow fusion-flex-justify-content-flex-start fusion-content-layout-column\"><div class=\"fusion-builder-row fusion-builder-row-inner fusion-row fusion-flex-align-items-stretch fusion-flex-content-wrap\" style=\"--awb-flex-grow:0;--awb-flex-grow-medium:0;--awb-flex-grow-small:0;--awb-flex-shrink:0;--awb-flex-shrink-medium:0;--awb-flex-shrink-small:0;width:104% !important;max-width:104% !important;margin-left: calc(-4% \/ 2 );margin-right: calc(-4% \/ 2 );\"><div class=\"fusion-layout-column fusion_builder_column_inner fusion-builder-nested-column-0 fusion_builder_column_inner_1_1 1_1 fusion-flex-column fusion-flex-align-self-flex-start\" style=\"--awb-padding-top:20px;--awb-padding-bottom:20px;--awb-bg-color:#46bccd;--awb-bg-color-hover:#46bccd;--awb-bg-size:cover;--awb-border-color:#dcdcdc;--awb-border-top:1px;--awb-border-right:1px;--awb-border-bottom:1px;--awb-border-left:1px;--awb-border-style:solid;--awb-width-large:100%;--awb-margin-top-large:0px;--awb-spacing-right-large:1.92%;--awb-margin-bottom-large:0px;--awb-spacing-left-large:1.92%;--awb-width-medium:100%;--awb-order-medium:0;--awb-spacing-right-medium:1.92%;--awb-spacing-left-medium:1.92%;--awb-width-small:100%;--awb-order-small:0;--awb-spacing-right-small:1.92%;--awb-spacing-left-small:1.92%;\"><div class=\"fusion-column-wrapper fusion-column-has-shadow fusion-flex-justify-content-flex-start fusion-content-layout-column\"><div class=\"fusion-title title fusion-title-2 fusion-sep-none fusion-title-center fusion-title-text fusion-title-size-four\" style=\"--awb-text-color:#ffffff;--awb-margin-top:0px;--awb-margin-bottom:0px;--awb-margin-top-small:10px;--awb-margin-right-small:0px;--awb-margin-bottom-small:10px;--awb-margin-left-small:0px;--awb-font-size:18px;\"><h4 class=\"fusion-title-heading title-heading-center fusion-responsive-typography-calculated\" style=\"font-family:&quot;Rajdhani&quot;;font-style:normal;font-weight:700;margin:0;font-size:1em;--fontSize:18;--minFontSize:18;line-height:1.2;\">MONTAGE<\/h4><\/div><\/div><\/div><div class=\"fusion-layout-column fusion_builder_column_inner fusion-builder-nested-column-1 fusion_builder_column_inner_1_1 1_1 fusion-flex-column fusion-flex-align-self-stretch\" style=\"--awb-bg-size:cover;--awb-width-large:100%;--awb-margin-top-large:0px;--awb-spacing-right-large:1.92%;--awb-margin-bottom-large:0px;--awb-spacing-left-large:1.92%;--awb-width-medium:100%;--awb-order-medium:0;--awb-spacing-right-medium:1.92%;--awb-spacing-left-medium:1.92%;--awb-width-small:100%;--awb-order-small:0;--awb-spacing-right-small:1.92%;--awb-spacing-left-small:1.92%;\"><div class=\"fusion-column-wrapper fusion-column-has-shadow fusion-flex-justify-content-center fusion-content-layout-column\"><div class=\"fusion-text fusion-text-1\" style=\"--awb-text-transform:none;\"><p>Positionner l\u2019instrument \u00e0 z\u00e9ro, apr\u00e8s bloquer la boite \u00e0 l\u2019arbre avec la vis.<\/p>\n<\/div><\/div><\/div><\/div><\/div><\/div><div class=\"fusion-layout-column fusion_builder_column fusion-builder-column-4 fusion_builder_column_3_4 3_4 fusion-flex-column\" style=\"--awb-bg-size:cover;--awb-width-large:75%;--awb-margin-top-large:0px;--awb-spacing-right-large:0px;--awb-margin-bottom-large:0px;--awb-spacing-left-large:0px;--awb-width-medium:75%;--awb-order-medium:0;--awb-spacing-right-medium:0px;--awb-spacing-left-medium:0px;--awb-width-small:100%;--awb-order-small:0;--awb-spacing-right-small:1.92%;--awb-spacing-left-small:1.92%;\"><div class=\"fusion-column-wrapper fusion-column-has-shadow fusion-flex-justify-content-flex-start fusion-content-layout-column\">\n<div class=\"table-1 table_strumenti_di_misura table_second_row_black tecnopolimero\">\n<div class=\"table-1 table_strumenti_di_misura table_second_row_black tecnopolimero\">\n<table width=\"100%\">\n<thead>\n<tr>\n<th style=\"text-align: center;\" colspan=\"6\" align=\"left\"><span style=\"color: #ffffff;\">EXEMPLE DE DESCRIPTION POUR LA COMMANDE<\/span><\/th>\n<\/tr>\n<\/thead>\n<tbody>\n<tr>\n<td style=\"text-align: center;\" align=\"left\"><span style=\"color: #ffffff;\"><strong>S\u00e9rie<\/strong><\/span><\/td>\n<td style=\"text-align: center;\" align=\"left\"><span style=\"color: #ffffff;\"><strong>Pas<\/strong><\/span><\/td>\n<td style=\"text-align: center;\" align=\"left\"><span style=\"color: #ffffff;\"><strong>Rotation<\/strong><\/span><\/td>\n<td style=\"text-align: center;\" align=\"left\"><span style=\"color: #ffffff;\"><strong>Bague<\/strong><\/span><\/td>\n<td style=\"text-align: center;\" align=\"left\"><span style=\"color: #ffffff;\"><strong>Vue<\/strong><\/span><\/td>\n<td style=\"text-align: center;\" align=\"left\"><span style=\"color: #ffffff;\"><strong>Couleur<\/strong><\/span><\/td>\n<\/tr>\n<tr>\n<td style=\"text-align: center;\" align=\"left\">DG33<\/td>\n<td style=\"text-align: center;\" align=\"left\">1<\/td>\n<td style=\"text-align: center;\" align=\"left\">S<\/td>\n<td style=\"text-align: center;\" align=\"left\">14<\/td>\n<td style=\"text-align: center;\" align=\"left\">A<\/td>\n<td style=\"text-align: center;\" align=\"left\">Noir<\/td>\n<\/tr>\n<\/tbody>\n<\/table>\n<\/div>\n<\/div>\n<\/div><\/div><\/div><\/div><\/p>\n","protected":false},"excerpt":{"rendered":"<p>Indicateur de position digital \u00e0 commande directe.<br \/>\nPlastique polyamide noir ou orange.<\/p>\n","protected":false},"featured_media":34015,"template":"","meta":{"_acf_changed":false},"product_brand":[],"product_cat":[1490,1504],"product_tag":[1397],"class_list":{"0":"post-35774","1":"product","2":"type-product","3":"status-publish","4":"has-post-thumbnail","6":"product_cat-instruments-de-mesure-et-controle","7":"product_cat-indicateur-de-position","8":"product_tag-best-product-fr","9":"pa_brand-gamm-fr","10":"pa_materiale-technopolymere","12":"first","13":"instock","14":"virtual","15":"purchasable","16":"product-type-simple"},"acf":[],"_links":{"self":[{"href":"https:\/\/www.gamm.com\/fr\/wp-json\/wp\/v2\/product\/35774","targetHints":{"allow":["GET"]}}],"collection":[{"href":"https:\/\/www.gamm.com\/fr\/wp-json\/wp\/v2\/product"}],"about":[{"href":"https:\/\/www.gamm.com\/fr\/wp-json\/wp\/v2\/types\/product"}],"wp:featuredmedia":[{"embeddable":true,"href":"https:\/\/www.gamm.com\/fr\/wp-json\/wp\/v2\/media\/34015"}],"wp:attachment":[{"href":"https:\/\/www.gamm.com\/fr\/wp-json\/wp\/v2\/media?parent=35774"}],"wp:term":[{"taxonomy":"product_brand","embeddable":true,"href":"https:\/\/www.gamm.com\/fr\/wp-json\/wp\/v2\/product_brand?post=35774"},{"taxonomy":"product_cat","embeddable":true,"href":"https:\/\/www.gamm.com\/fr\/wp-json\/wp\/v2\/product_cat?post=35774"},{"taxonomy":"product_tag","embeddable":true,"href":"https:\/\/www.gamm.com\/fr\/wp-json\/wp\/v2\/product_tag?post=35774"}],"curies":[{"name":"wp","href":"https:\/\/api.w.org\/{rel}","templated":true}]}}