{"id":35776,"date":"2022-01-19T09:15:45","date_gmt":"2022-01-19T08:15:45","guid":{"rendered":"https:\/\/www.gamm.com\/non%20class\u00e9\/rg89\/"},"modified":"2026-03-13T11:52:22","modified_gmt":"2026-03-13T10:52:22","slug":"rg89","status":"publish","type":"product","link":"https:\/\/www.gamm.com\/fr\/instruments-de-mesure-et-controle\/indicateur-de-position\/rg89\/","title":{"rendered":"RG89"},"content":{"rendered":"<p><div class=\"fusion-fullwidth fullwidth-box fusion-builder-row-1 fusion-flex-container nonhundred-percent-fullwidth non-hundred-percent-height-scrolling\" style=\"--awb-border-radius-top-left:0px;--awb-border-radius-top-right:0px;--awb-border-radius-bottom-right:0px;--awb-border-radius-bottom-left:0px;--awb-flex-wrap:wrap;\" ><div class=\"fusion-builder-row fusion-row fusion-flex-align-items-flex-start fusion-flex-content-wrap\" style=\"max-width:1497.6px;margin-left: calc(-4% \/ 2 );margin-right: calc(-4% \/ 2 );\"><div class=\"fusion-layout-column fusion_builder_column fusion-builder-column-0 fusion_builder_column_1_1 1_1 fusion-flex-column\" style=\"--awb-padding-top:20px;--awb-padding-bottom:20px;--awb-bg-color:#46bccd;--awb-bg-color-hover:#46bccd;--awb-bg-size:cover;--awb-width-large:100%;--awb-margin-top-large:0px;--awb-spacing-right-large:0px;--awb-margin-bottom-large:0px;--awb-spacing-left-large:0px;--awb-width-medium:100%;--awb-order-medium:0;--awb-spacing-right-medium:0px;--awb-spacing-left-medium:0px;--awb-width-small:100%;--awb-order-small:0;--awb-spacing-right-small:1.92%;--awb-spacing-left-small:1.92%;\"><div class=\"fusion-column-wrapper fusion-column-has-shadow fusion-flex-justify-content-flex-start fusion-content-layout-column\"><div class=\"fusion-title title fusion-title-1 fusion-sep-none fusion-title-center fusion-title-text fusion-title-size-two\" style=\"--awb-text-color:#ffffff;--awb-margin-top:0px;--awb-margin-bottom:0px;--awb-margin-top-small:10px;--awb-margin-right-small:0px;--awb-margin-bottom-small:10px;--awb-margin-left-small:0px;--awb-font-size:20px;\"><h2 class=\"fusion-title-heading title-heading-center fusion-responsive-typography-calculated\" style=\"font-family:&quot;Rajdhani&quot;;font-style:normal;font-weight:400;margin:0;font-size:1em;--fontSize:20;--minFontSize:20;line-height:1.1;\">Attachements d&rsquo;arbre de transmission<\/h2><\/div><\/div><\/div><div class=\"fusion-layout-column fusion_builder_column fusion-builder-column-1 fusion_builder_column_1_1 1_1 fusion-flex-column\" style=\"--awb-bg-size:cover;--awb-width-large:100%;--awb-margin-top-large:0px;--awb-spacing-right-large:0px;--awb-margin-bottom-large:0px;--awb-spacing-left-large:0px;--awb-width-medium:100%;--awb-order-medium:0;--awb-spacing-right-medium:0px;--awb-spacing-left-medium:0px;--awb-width-small:100%;--awb-order-small:0;--awb-spacing-right-small:1.92%;--awb-spacing-left-small:1.92%;\"><div class=\"fusion-column-wrapper fusion-column-has-shadow fusion-flex-justify-content-flex-start fusion-content-layout-column\"><div class=\"fusion-image-element \" style=\"text-align:center;--awb-max-width:100%;--awb-caption-title-font-family:var(--h2_typography-font-family);--awb-caption-title-font-weight:var(--h2_typography-font-weight);--awb-caption-title-font-style:var(--h2_typography-font-style);--awb-caption-title-size:var(--h2_typography-font-size);--awb-caption-title-transform:var(--h2_typography-text-transform);--awb-caption-title-line-height:var(--h2_typography-line-height);--awb-caption-title-letter-spacing:var(--h2_typography-letter-spacing);\"><span class=\" fusion-imageframe imageframe-none imageframe-1 hover-type-none\"><img decoding=\"async\" width=\"1490\" height=\"350\" title=\"RG89_2disegno_strumenti_di_misura_GAMM\" src=\"https:\/\/www.gamm.com\/wp-content\/uploads\/2022\/01\/RG89_2disegno_strumenti_di_misura_GAMM.jpg\" data-orig-src=\"https:\/\/gamm.com\/wp-content\/uploads\/2022\/01\/RG89_2disegno_strumenti_di_misura_GAMM.jpg\" class=\"lazyload img-responsive wp-image-34054\" srcset=\"data:image\/svg+xml,%3Csvg%20xmlns%3D%27http%3A%2F%2Fwww.w3.org%2F2000%2Fsvg%27%20width%3D%271490%27%20height%3D%27350%27%20viewBox%3D%270%200%201490%20350%27%3E%3Crect%20width%3D%271490%27%20height%3D%27350%27%20fill-opacity%3D%220%22%2F%3E%3C%2Fsvg%3E\" data-srcset=\"https:\/\/www.gamm.com\/wp-content\/uploads\/2022\/01\/RG89_2disegno_strumenti_di_misura_GAMM-200x47.jpg 200w, https:\/\/www.gamm.com\/wp-content\/uploads\/2022\/01\/RG89_2disegno_strumenti_di_misura_GAMM-400x94.jpg 400w, https:\/\/www.gamm.com\/wp-content\/uploads\/2022\/01\/RG89_2disegno_strumenti_di_misura_GAMM-600x141.jpg 600w, https:\/\/www.gamm.com\/wp-content\/uploads\/2022\/01\/RG89_2disegno_strumenti_di_misura_GAMM-800x188.jpg 800w, https:\/\/www.gamm.com\/wp-content\/uploads\/2022\/01\/RG89_2disegno_strumenti_di_misura_GAMM-1200x282.jpg 1200w, https:\/\/www.gamm.com\/wp-content\/uploads\/2022\/01\/RG89_2disegno_strumenti_di_misura_GAMM.jpg 1490w\" data-sizes=\"auto\" data-orig-sizes=\"(max-width: 720px) 100vw, 1490px\" alt=\"\"><\/span><\/div><\/div><\/div><\/div><\/div><div class=\"fusion-fullwidth fullwidth-box fusion-builder-row-2 fusion-flex-container nonhundred-percent-fullwidth non-hundred-percent-height-scrolling\" style=\"--awb-border-radius-top-left:0px;--awb-border-radius-top-right:0px;--awb-border-radius-bottom-right:0px;--awb-border-radius-bottom-left:0px;--awb-margin-top:50px;--awb-flex-wrap:wrap;\" ><div class=\"fusion-builder-row fusion-row fusion-flex-align-items-flex-start fusion-flex-content-wrap\" style=\"max-width:1497.6px;margin-left: calc(-4% \/ 2 );margin-right: calc(-4% \/ 2 );\"><div class=\"fusion-layout-column fusion_builder_column fusion-builder-column-2 fusion_builder_column_1_1 1_1 fusion-flex-column\" style=\"--awb-bg-size:cover;--awb-width-large:100%;--awb-margin-top-large:0px;--awb-spacing-right-large:0px;--awb-margin-bottom-large:0px;--awb-spacing-left-large:0px;--awb-width-medium:100%;--awb-order-medium:0;--awb-spacing-right-medium:0px;--awb-spacing-left-medium:0px;--awb-width-small:100%;--awb-order-small:0;--awb-spacing-right-small:1.92%;--awb-spacing-left-small:1.92%;\"><div class=\"fusion-column-wrapper fusion-column-has-shadow fusion-flex-justify-content-flex-start fusion-content-layout-column\">\n<div class=\"table-1 table_strumenti_di_misura tecnopolimero\">\n<table width=\"100%\">\n<thead>\n<tr>\n<th style=\u201dtext-align: center;\u201d align=\u201dleft\u201d>usage<\/th>\n<th style=\u201dtext-align: center;\u201d align=\u201dleft\u201d>rotation<\/th>\n<th style=\u201dtext-align: center;\u201d align=\u201dleft\u201d>num\u00e9rateur<\/th>\n<th style=\u201dtext-align: center;\u201d align=\u201dleft\u201d>sortie de l\u2019arbre<br \/>\nde commande <\/th>\n<th style=\u201dtext-align: center;\u201d align=\u201dleft\u201d>vue<\/th>\n<\/tr>\n<\/thead>\n<tbody>\n<tr>\n<td align=\"left\">Instrument pour lire directement un d\u00e9placement (ou un angle). Un arbre se sortie,<br \/>\nplac\u00e9 dans la part post\u00e9rieur de l\u2019instrument, transmet le mouvement qui est transf\u00e9r\u00e9 au num\u00e9rateur.<\/td>\n<td align=\"left\">0 = horaire.<br \/>\nS = anti horaire<\/td>\n<td align=\"left\">5 chiffres (un d\u00e9cimal rouge), hauteur 7 mm.<\/td>\n<td align=\"left\">Derri\u00e8re (N) ou bas (G).<\/td>\n<td align=\"left\">Frontale (F) ou inclin\u00e9e (I)..<\/td>\n<\/tr>\n<\/tbody>\n<\/table>\n<\/div>\n<\/div><\/div><\/div><\/div><div class=\"fusion-fullwidth fullwidth-box fusion-builder-row-3 fusion-flex-container nonhundred-percent-fullwidth non-hundred-percent-height-scrolling\" style=\"--awb-border-radius-top-left:0px;--awb-border-radius-top-right:0px;--awb-border-radius-bottom-right:0px;--awb-border-radius-bottom-left:0px;--awb-margin-top:50px;--awb-flex-wrap:wrap;\" ><div class=\"fusion-builder-row fusion-row fusion-flex-align-items-stretch fusion-flex-content-wrap\" style=\"max-width:1497.6px;margin-left: calc(-4% \/ 2 );margin-right: calc(-4% \/ 2 );\"><div class=\"fusion-layout-column fusion_builder_column fusion-builder-column-3 fusion_builder_column_1_1 1_1 fusion-flex-column\" style=\"--awb-bg-size:cover;--awb-width-large:100%;--awb-margin-top-large:0px;--awb-spacing-right-large:0px;--awb-margin-bottom-large:0px;--awb-spacing-left-large:0px;--awb-width-medium:100%;--awb-order-medium:0;--awb-spacing-right-medium:0px;--awb-spacing-left-medium:0px;--awb-width-small:100%;--awb-order-small:0;--awb-spacing-right-small:1.92%;--awb-spacing-left-small:1.92%;\"><div class=\"fusion-column-wrapper fusion-column-has-shadow fusion-flex-justify-content-flex-start fusion-content-layout-column\">\n<div class=\"table-1 table_strumenti_di_misura table_second_row_black tecnopolimero\">\n<table width=\"100%\">\n<thead>\n<tr>\n<th style=\"text-align: center;\" colspan=\"6\" align=\"left\"><span style=\"color: #ffffff;\">EXEMPLE DE DESCRIPTION POUR LA COMMANDE<\/span><\/th>\n<\/tr>\n<\/thead>\n<tbody>\n<tr>\n<td style=\"text-align: center;\" align=\"left\"><span style=\"color: #ffffff;\"><strong>S\u00e9rie<\/strong><\/span><\/td>\n<td style=\"text-align: center;\" align=\"left\"><span style=\"color: #ffffff;\"><strong>Pas<\/strong><\/span><\/td>\n<td style=\"text-align: center;\" align=\"left\"><span style=\"color: #ffffff;\"><strong>Rotation<\/strong><\/span><\/td>\n<td style=\"text-align: center;\" align=\"left\"><span style=\"color: #ffffff;\"><strong>Attaque<\/strong><\/span><\/td>\n<td style=\"text-align: center;\" align=\"left\"><span style=\"color: #ffffff;\"><strong>Sortie d&rsquo;arbre<\/strong><\/span><\/td>\n<td style=\"text-align: center;\" align=\"left\"><span style=\"color: #ffffff;\"><strong>Vue<\/strong><\/span><\/td>\n<\/tr>\n<tr>\n<td style=\"text-align: center;\" align=\"left\">RG<\/td>\n<td style=\"text-align: center;\" align=\"left\">0.5<\/td>\n<td style=\"text-align: center;\" align=\"left\">0<\/td>\n<td style=\"text-align: center;\" align=\"left\">A<\/td>\n<td style=\"text-align: center;\" align=\"left\">D<\/td>\n<td style=\"text-align: center;\" align=\"left\">F<\/td>\n<\/tr>\n<\/tbody>\n<\/table>\n<\/div>\n<\/div><\/div><\/div><\/div><\/p>\n","protected":false},"excerpt":{"rendered":"<p>Indicateur m\u00e9canique digital, commande directe et remise \u00e0 z\u00e9ro par vis.<br \/>\nPlastique polyamide noir.<\/p>\n","protected":false},"featured_media":34057,"template":"","meta":{"_acf_changed":false},"product_brand":[],"product_cat":[1490,1504],"product_tag":[],"class_list":{"0":"post-35776","1":"product","2":"type-product","3":"status-publish","4":"has-post-thumbnail","6":"product_cat-instruments-de-mesure-et-controle","7":"product_cat-indicateur-de-position","8":"pa_brand-gamm-fr","9":"pa_materiale-technopolymere","11":"first","12":"instock","13":"shipping-taxable","14":"purchasable","15":"product-type-simple"},"acf":[],"_links":{"self":[{"href":"https:\/\/www.gamm.com\/fr\/wp-json\/wp\/v2\/product\/35776","targetHints":{"allow":["GET"]}}],"collection":[{"href":"https:\/\/www.gamm.com\/fr\/wp-json\/wp\/v2\/product"}],"about":[{"href":"https:\/\/www.gamm.com\/fr\/wp-json\/wp\/v2\/types\/product"}],"wp:featuredmedia":[{"embeddable":true,"href":"https:\/\/www.gamm.com\/fr\/wp-json\/wp\/v2\/media\/34057"}],"wp:attachment":[{"href":"https:\/\/www.gamm.com\/fr\/wp-json\/wp\/v2\/media?parent=35776"}],"wp:term":[{"taxonomy":"product_brand","embeddable":true,"href":"https:\/\/www.gamm.com\/fr\/wp-json\/wp\/v2\/product_brand?post=35776"},{"taxonomy":"product_cat","embeddable":true,"href":"https:\/\/www.gamm.com\/fr\/wp-json\/wp\/v2\/product_cat?post=35776"},{"taxonomy":"product_tag","embeddable":true,"href":"https:\/\/www.gamm.com\/fr\/wp-json\/wp\/v2\/product_tag?post=35776"}],"curies":[{"name":"wp","href":"https:\/\/api.w.org\/{rel}","templated":true}]}}