{"id":35790,"date":"2022-01-18T17:56:30","date_gmt":"2022-01-18T16:56:30","guid":{"rendered":"https:\/\/www.gamm.com\/non%20class\u00e9\/m28\/"},"modified":"2026-03-13T11:58:48","modified_gmt":"2026-03-13T10:58:48","slug":"m28","status":"publish","type":"product","link":"https:\/\/www.gamm.com\/fr\/instruments-de-mesure-et-controle\/compteur-avec-remise-a-zero\/m28\/","title":{"rendered":"M28"},"content":{"rendered":"<div class=\"fusion-fullwidth fullwidth-box fusion-builder-row-1 fusion-flex-container nonhundred-percent-fullwidth non-hundred-percent-height-scrolling\" style=\"--awb-border-radius-top-left:0px;--awb-border-radius-top-right:0px;--awb-border-radius-bottom-right:0px;--awb-border-radius-bottom-left:0px;--awb-margin-top:50px;--awb-flex-wrap:wrap;\" ><div class=\"fusion-builder-row fusion-row fusion-flex-align-items-flex-start fusion-flex-content-wrap\" style=\"max-width:1497.6px;margin-left: calc(-4% \/ 2 );margin-right: calc(-4% \/ 2 );\"><div class=\"fusion-layout-column fusion_builder_column fusion-builder-column-0 fusion_builder_column_1_1 1_1 fusion-flex-column\" style=\"--awb-bg-size:cover;--awb-width-large:100%;--awb-margin-top-large:0px;--awb-spacing-right-large:0px;--awb-margin-bottom-large:0px;--awb-spacing-left-large:0px;--awb-width-medium:100%;--awb-order-medium:0;--awb-spacing-right-medium:0px;--awb-spacing-left-medium:0px;--awb-width-small:100%;--awb-order-small:0;--awb-spacing-right-small:1.92%;--awb-spacing-left-small:1.92%;\"><div class=\"fusion-column-wrapper fusion-column-has-shadow fusion-flex-justify-content-flex-start fusion-content-layout-column\">\n<div class=\"table-1 table_strumenti_di_misura metalli\">\n<table width=\"100%\">\n<thead>\n<tr>\n<th style=\"text-align: center;\" colspan=\"2\" align=\"left\">EXEMPLE DE DESCRIPTION POUR LA COMMANDE<\/th>\n<\/tr>\n<\/thead>\n<tbody>\n<tr>\n<td align=\"left\">R = commande droite<br \/>\nO = rotation horaire<\/td>\n<td align=\"left\">L = commande gauche<br \/>\nO = rotation horaire<\/td>\n<\/tr>\n<tr>\n<td align=\"left\">R = commande droite<br \/>\nS = rotation antihoraire<\/td>\n<td align=\"left\">L = commande gauche<br \/>\nS = rotation antihoraire<\/td>\n<\/tr>\n<\/tbody>\n<\/table>\n<\/div>\n<\/div><\/div><\/div><\/div>\n","protected":false},"excerpt":{"rendered":"<p>4 chiffres, hauteur 4.5 mm \u2013 axe D.4 mm \u2013 commande unilat\u00e9ral. Remise \u00e0 z\u00e9ro par molette. Vitesse de comptage: 700 coups\/minute. Sens de rotation: 0 = horaire, S = anti horaire. Dimensions: 30x45x25.<\/p>\n","protected":false},"featured_media":34034,"template":"","meta":{"_acf_changed":false},"product_brand":[],"product_cat":[1490,1492],"product_tag":[],"class_list":{"0":"post-35790","1":"product","2":"type-product","3":"status-publish","4":"has-post-thumbnail","6":"product_cat-instruments-de-mesure-et-controle","7":"product_cat-compteur-avec-remise-a-zero","8":"pa_brand-gamm-fr","9":"pa_materiale-technopolymere","11":"first","12":"instock","13":"shipping-taxable","14":"purchasable","15":"product-type-simple"},"acf":[],"_links":{"self":[{"href":"https:\/\/www.gamm.com\/fr\/wp-json\/wp\/v2\/product\/35790","targetHints":{"allow":["GET"]}}],"collection":[{"href":"https:\/\/www.gamm.com\/fr\/wp-json\/wp\/v2\/product"}],"about":[{"href":"https:\/\/www.gamm.com\/fr\/wp-json\/wp\/v2\/types\/product"}],"wp:featuredmedia":[{"embeddable":true,"href":"https:\/\/www.gamm.com\/fr\/wp-json\/wp\/v2\/media\/34034"}],"wp:attachment":[{"href":"https:\/\/www.gamm.com\/fr\/wp-json\/wp\/v2\/media?parent=35790"}],"wp:term":[{"taxonomy":"product_brand","embeddable":true,"href":"https:\/\/www.gamm.com\/fr\/wp-json\/wp\/v2\/product_brand?post=35790"},{"taxonomy":"product_cat","embeddable":true,"href":"https:\/\/www.gamm.com\/fr\/wp-json\/wp\/v2\/product_cat?post=35790"},{"taxonomy":"product_tag","embeddable":true,"href":"https:\/\/www.gamm.com\/fr\/wp-json\/wp\/v2\/product_tag?post=35790"}],"curies":[{"name":"wp","href":"https:\/\/api.w.org\/{rel}","templated":true}]}}