{"id":35798,"date":"2022-01-18T17:51:38","date_gmt":"2022-01-18T16:51:38","guid":{"rendered":"https:\/\/www.gamm.com\/non%20class\u00e9\/cmp68\/"},"modified":"2026-03-13T11:58:52","modified_gmt":"2026-03-13T10:58:52","slug":"cmp68","status":"publish","type":"product","link":"https:\/\/www.gamm.com\/fr\/instruments-de-mesure-et-controle\/compteur-metreur-avec-remise-a-zero-instruments-de-mesure-et-controle\/cmp68\/","title":{"rendered":"CMP68"},"content":{"rendered":"","protected":false},"excerpt":{"rendered":"<p>Compteur de m\u00e8tres: 4 chiffres + 2 d\u00e9cimales. Compteur de tours: 5 chiffres enti\u00e8res. Chiffres: hauteur 8 mm \u2013 axe D.7 mm \u2013 commande bilat\u00e9ral. Remise \u00e0 z\u00e9ro par molette. Vitesse de comptage: 500 coups\/minute. Sens de rotation: 0 = horaire, S = anti horaire. Dimensions: 92x80x54. Rapport 2:1 pour roues de 500 mm de d\u00e9velopp\u00e9es (2 tours = 1 m\u00e8tre).<\/p>\n","protected":false},"featured_media":34017,"template":"","meta":{"_acf_changed":false},"product_brand":[],"product_cat":[1490,1542],"product_tag":[],"class_list":{"0":"post-35798","1":"product","2":"type-product","3":"status-publish","4":"has-post-thumbnail","6":"product_cat-instruments-de-mesure-et-controle","7":"product_cat-compteur-metreur-avec-remise-a-zero-instruments-de-mesure-et-controle","8":"pa_brand-gamm-fr","9":"pa_materiale-technopolymere","11":"first","12":"instock","13":"shipping-taxable","14":"purchasable","15":"product-type-simple"},"acf":[],"_links":{"self":[{"href":"https:\/\/www.gamm.com\/fr\/wp-json\/wp\/v2\/product\/35798","targetHints":{"allow":["GET"]}}],"collection":[{"href":"https:\/\/www.gamm.com\/fr\/wp-json\/wp\/v2\/product"}],"about":[{"href":"https:\/\/www.gamm.com\/fr\/wp-json\/wp\/v2\/types\/product"}],"wp:featuredmedia":[{"embeddable":true,"href":"https:\/\/www.gamm.com\/fr\/wp-json\/wp\/v2\/media\/34017"}],"wp:attachment":[{"href":"https:\/\/www.gamm.com\/fr\/wp-json\/wp\/v2\/media?parent=35798"}],"wp:term":[{"taxonomy":"product_brand","embeddable":true,"href":"https:\/\/www.gamm.com\/fr\/wp-json\/wp\/v2\/product_brand?post=35798"},{"taxonomy":"product_cat","embeddable":true,"href":"https:\/\/www.gamm.com\/fr\/wp-json\/wp\/v2\/product_cat?post=35798"},{"taxonomy":"product_tag","embeddable":true,"href":"https:\/\/www.gamm.com\/fr\/wp-json\/wp\/v2\/product_tag?post=35798"}],"curies":[{"name":"wp","href":"https:\/\/api.w.org\/{rel}","templated":true}]}}