{"id":35802,"date":"2022-01-18T17:38:07","date_gmt":"2022-01-18T16:38:07","guid":{"rendered":"https:\/\/www.gamm.com\/non%20class\u00e9\/r75-2\/"},"modified":"2026-03-13T12:03:34","modified_gmt":"2026-03-13T11:03:34","slug":"r75-2","status":"publish","type":"product","link":"https:\/\/www.gamm.com\/fr\/instruments-de-mesure-et-controle\/compteur-de-metres-avec-remise-a-zero-fr\/r75-2\/","title":{"rendered":"R75\/2"},"content":{"rendered":"","protected":false},"excerpt":{"rendered":"<p>Pr\u00e9dispos\u00e9 a d\u00e9coder. 5 chiffres hauteur 8 mm \u2013 axe D.7 mm \u2013 commande bilat\u00e9ral. Remise \u00e0 z\u00e9ro par molette. Vitesse de comptage: 2000 tours\/minute. Sens de rotation: 0 = horaire, S = anti horaire. Dimensions: 92x80x69. Microinterrupteur: 10A (1 tour = 1 unit\u00e9).<\/p>\n","protected":false},"featured_media":34047,"template":"","meta":{"_acf_changed":false},"product_brand":[],"product_cat":[1490,1500],"product_tag":[],"class_list":{"0":"post-35802","1":"product","2":"type-product","3":"status-publish","4":"has-post-thumbnail","6":"product_cat-instruments-de-mesure-et-controle","7":"product_cat-compteur-de-metres-avec-remise-a-zero-fr","8":"pa_brand-gamm-fr","9":"pa_materiale-technopolymere","11":"first","12":"instock","13":"shipping-taxable","14":"purchasable","15":"product-type-simple"},"acf":[],"_links":{"self":[{"href":"https:\/\/www.gamm.com\/fr\/wp-json\/wp\/v2\/product\/35802","targetHints":{"allow":["GET"]}}],"collection":[{"href":"https:\/\/www.gamm.com\/fr\/wp-json\/wp\/v2\/product"}],"about":[{"href":"https:\/\/www.gamm.com\/fr\/wp-json\/wp\/v2\/types\/product"}],"wp:featuredmedia":[{"embeddable":true,"href":"https:\/\/www.gamm.com\/fr\/wp-json\/wp\/v2\/media\/34047"}],"wp:attachment":[{"href":"https:\/\/www.gamm.com\/fr\/wp-json\/wp\/v2\/media?parent=35802"}],"wp:term":[{"taxonomy":"product_brand","embeddable":true,"href":"https:\/\/www.gamm.com\/fr\/wp-json\/wp\/v2\/product_brand?post=35802"},{"taxonomy":"product_cat","embeddable":true,"href":"https:\/\/www.gamm.com\/fr\/wp-json\/wp\/v2\/product_cat?post=35802"},{"taxonomy":"product_tag","embeddable":true,"href":"https:\/\/www.gamm.com\/fr\/wp-json\/wp\/v2\/product_tag?post=35802"}],"curies":[{"name":"wp","href":"https:\/\/api.w.org\/{rel}","templated":true}]}}