{"id":35805,"date":"2022-01-18T16:56:31","date_gmt":"2022-01-18T15:56:31","guid":{"rendered":"https:\/\/www.gamm.com\/non%20class\u00e9\/cm68\/"},"modified":"2026-03-13T12:03:44","modified_gmt":"2026-03-13T11:03:44","slug":"cm68","status":"publish","type":"product","link":"https:\/\/www.gamm.com\/fr\/instruments-de-mesure-et-controle\/compteur-de-metres-avec-remise-a-zero-fr-2\/cm68\/","title":{"rendered":"CM68"},"content":{"rendered":"","protected":false},"excerpt":{"rendered":"<p>6 chiffres + 1 d\u00e9cimal, hauteur 8 mm \u2013 axe D.7 mm \u2013 commande bilat\u00e9ral. Remise \u00e0 z\u00e9ro par cl\u00e9 amovible. Vitesse de comptage: 500 m\u00e8tres\/minute. Sens de rotation: 0 = horaire, S = anti horaire. Dimensions: 92x80x50. Comptant dans un sens, d\u00e9comptant dans l\u2019autre. Rapport 2:1, pour roues de 500 mm de d\u00e9velopp\u00e9es (2 tours = 1 m\u00e8tre).<\/p>\n","protected":false},"featured_media":34000,"template":"","meta":{"_acf_changed":false},"product_brand":[],"product_cat":[1490,1501],"product_tag":[],"class_list":{"0":"post-35805","1":"product","2":"type-product","3":"status-publish","4":"has-post-thumbnail","6":"product_cat-instruments-de-mesure-et-controle","7":"product_cat-compteur-de-metres-avec-remise-a-zero-fr-2","8":"pa_brand-gamm-fr","9":"pa_materiale-technopolymere","11":"first","12":"instock","13":"shipping-taxable","14":"purchasable","15":"product-type-simple"},"acf":[],"_links":{"self":[{"href":"https:\/\/www.gamm.com\/fr\/wp-json\/wp\/v2\/product\/35805","targetHints":{"allow":["GET"]}}],"collection":[{"href":"https:\/\/www.gamm.com\/fr\/wp-json\/wp\/v2\/product"}],"about":[{"href":"https:\/\/www.gamm.com\/fr\/wp-json\/wp\/v2\/types\/product"}],"wp:featuredmedia":[{"embeddable":true,"href":"https:\/\/www.gamm.com\/fr\/wp-json\/wp\/v2\/media\/34000"}],"wp:attachment":[{"href":"https:\/\/www.gamm.com\/fr\/wp-json\/wp\/v2\/media?parent=35805"}],"wp:term":[{"taxonomy":"product_brand","embeddable":true,"href":"https:\/\/www.gamm.com\/fr\/wp-json\/wp\/v2\/product_brand?post=35805"},{"taxonomy":"product_cat","embeddable":true,"href":"https:\/\/www.gamm.com\/fr\/wp-json\/wp\/v2\/product_cat?post=35805"},{"taxonomy":"product_tag","embeddable":true,"href":"https:\/\/www.gamm.com\/fr\/wp-json\/wp\/v2\/product_tag?post=35805"}],"curies":[{"name":"wp","href":"https:\/\/api.w.org\/{rel}","templated":true}]}}