{"id":35806,"date":"2022-01-18T16:51:34","date_gmt":"2022-01-18T15:51:34","guid":{"rendered":"https:\/\/www.gamm.com\/non%20class\u00e9\/cm68-1\/"},"modified":"2026-03-13T12:03:49","modified_gmt":"2026-03-13T11:03:49","slug":"cm68-1","status":"publish","type":"product","link":"https:\/\/www.gamm.com\/fr\/instruments-de-mesure-et-controle\/compteur-de-metres-avec-remise-a-zero\/cm68-1\/","title":{"rendered":"CM68\/1"},"content":{"rendered":"","protected":false},"excerpt":{"rendered":"<p>6 chiffres hauteur 8 mm \u2013 axe D.7 mm \u2013 commande bilat\u00e9ral. Remise \u00e0 z\u00e9ro par cl\u00e9 amovible. Vitesse de comptage: 600 tours\/minute. Sens de rotation: 0 = horaire, S = anti horaire. Dimensions: 92x80x50. Comptant dans un sens, d\u00e9comptant dans l\u2019autre. Rapport 1:1 (1 tour = 1 m\u00e8tre).<\/p>\n","protected":false},"featured_media":34003,"template":"","meta":{"_acf_changed":false},"product_brand":[],"product_cat":[1490,1496],"product_tag":[],"class_list":{"0":"post-35806","1":"product","2":"type-product","3":"status-publish","4":"has-post-thumbnail","6":"product_cat-instruments-de-mesure-et-controle","7":"product_cat-compteur-de-metres-avec-remise-a-zero","8":"pa_brand-gamm-fr","9":"pa_materiale-technopolymere","11":"first","12":"instock","13":"shipping-taxable","14":"purchasable","15":"product-type-simple"},"acf":[],"_links":{"self":[{"href":"https:\/\/www.gamm.com\/fr\/wp-json\/wp\/v2\/product\/35806","targetHints":{"allow":["GET"]}}],"collection":[{"href":"https:\/\/www.gamm.com\/fr\/wp-json\/wp\/v2\/product"}],"about":[{"href":"https:\/\/www.gamm.com\/fr\/wp-json\/wp\/v2\/types\/product"}],"wp:featuredmedia":[{"embeddable":true,"href":"https:\/\/www.gamm.com\/fr\/wp-json\/wp\/v2\/media\/34003"}],"wp:attachment":[{"href":"https:\/\/www.gamm.com\/fr\/wp-json\/wp\/v2\/media?parent=35806"}],"wp:term":[{"taxonomy":"product_brand","embeddable":true,"href":"https:\/\/www.gamm.com\/fr\/wp-json\/wp\/v2\/product_brand?post=35806"},{"taxonomy":"product_cat","embeddable":true,"href":"https:\/\/www.gamm.com\/fr\/wp-json\/wp\/v2\/product_cat?post=35806"},{"taxonomy":"product_tag","embeddable":true,"href":"https:\/\/www.gamm.com\/fr\/wp-json\/wp\/v2\/product_tag?post=35806"}],"curies":[{"name":"wp","href":"https:\/\/api.w.org\/{rel}","templated":true}]}}