{"id":35807,"date":"2022-01-18T16:45:47","date_gmt":"2022-01-18T15:45:47","guid":{"rendered":"https:\/\/www.gamm.com\/non%20class\u00e9\/cc68\/"},"modified":"2026-03-13T12:07:39","modified_gmt":"2026-03-13T11:07:39","slug":"cc68","status":"publish","type":"product","link":"https:\/\/www.gamm.com\/fr\/instruments-de-mesure-et-controle\/compteur-de-metres-avec-remise-a-zero-strumenti-di-misura-e-controllo\/cc68\/","title":{"rendered":"CC68"},"content":{"rendered":"","protected":false},"excerpt":{"rendered":"<p>7 chiffres hauteur 8 mm \u2013 axe D.7 mm \u2013 commande bilat\u00e9ral. Remise \u00e0 z\u00e9ro par cl\u00e9 amovible. Vitesse de comptage: 500 coups\/minute. Sens de rotation: 0 = horaire, S = anti horaire. Dimensions: 92x80x50.<\/p>\n","protected":false},"featured_media":33992,"template":"","meta":{"_acf_changed":false},"product_brand":[],"product_cat":[1490,1493],"product_tag":[],"class_list":{"0":"post-35807","1":"product","2":"type-product","3":"status-publish","4":"has-post-thumbnail","6":"product_cat-instruments-de-mesure-et-controle","7":"product_cat-compteur-de-metres-avec-remise-a-zero-strumenti-di-misura-e-controllo","8":"pa_brand-gamm-fr","9":"pa_materiale-technopolymere","11":"first","12":"instock","13":"shipping-taxable","14":"purchasable","15":"product-type-simple"},"acf":[],"_links":{"self":[{"href":"https:\/\/www.gamm.com\/fr\/wp-json\/wp\/v2\/product\/35807","targetHints":{"allow":["GET"]}}],"collection":[{"href":"https:\/\/www.gamm.com\/fr\/wp-json\/wp\/v2\/product"}],"about":[{"href":"https:\/\/www.gamm.com\/fr\/wp-json\/wp\/v2\/types\/product"}],"wp:featuredmedia":[{"embeddable":true,"href":"https:\/\/www.gamm.com\/fr\/wp-json\/wp\/v2\/media\/33992"}],"wp:attachment":[{"href":"https:\/\/www.gamm.com\/fr\/wp-json\/wp\/v2\/media?parent=35807"}],"wp:term":[{"taxonomy":"product_brand","embeddable":true,"href":"https:\/\/www.gamm.com\/fr\/wp-json\/wp\/v2\/product_brand?post=35807"},{"taxonomy":"product_cat","embeddable":true,"href":"https:\/\/www.gamm.com\/fr\/wp-json\/wp\/v2\/product_cat?post=35807"},{"taxonomy":"product_tag","embeddable":true,"href":"https:\/\/www.gamm.com\/fr\/wp-json\/wp\/v2\/product_tag?post=35807"}],"curies":[{"name":"wp","href":"https:\/\/api.w.org\/{rel}","templated":true}]}}