{"id":35808,"date":"2022-01-18T16:21:48","date_gmt":"2022-01-18T15:21:48","guid":{"rendered":"https:\/\/www.gamm.com\/non%20class\u00e9\/cmr81\/"},"modified":"2026-03-13T12:07:40","modified_gmt":"2026-03-13T11:07:40","slug":"cmr81","status":"publish","type":"product","link":"https:\/\/www.gamm.com\/fr\/instruments-de-mesure-et-controle\/compteur-avec-remise-a-zero\/cmr81\/","title":{"rendered":"CMR81"},"content":{"rendered":"","protected":false},"excerpt":{"rendered":"<p>5 chiffres hauteur 4.5 mm \u2013 axe D.6 mm \u2013 commande bilat\u00e9ral. Remise \u00e0 z\u00e9ro par bouton poussoir. Vitesse de comptage: 700 coups\/minute. Sens de rotation: 0 = horaire, S = anti horaire. Dimensions: 82x46x35.<\/p>\n","protected":false},"featured_media":34008,"template":"","meta":{"_acf_changed":false},"product_brand":[],"product_cat":[1490,1492],"product_tag":[],"class_list":{"0":"post-35808","1":"product","2":"type-product","3":"status-publish","4":"has-post-thumbnail","6":"product_cat-instruments-de-mesure-et-controle","7":"product_cat-compteur-avec-remise-a-zero","8":"pa_brand-gamm-fr","9":"pa_materiale-technopolymere","11":"first","12":"instock","13":"shipping-taxable","14":"purchasable","15":"product-type-simple"},"acf":[],"_links":{"self":[{"href":"https:\/\/www.gamm.com\/fr\/wp-json\/wp\/v2\/product\/35808","targetHints":{"allow":["GET"]}}],"collection":[{"href":"https:\/\/www.gamm.com\/fr\/wp-json\/wp\/v2\/product"}],"about":[{"href":"https:\/\/www.gamm.com\/fr\/wp-json\/wp\/v2\/types\/product"}],"wp:featuredmedia":[{"embeddable":true,"href":"https:\/\/www.gamm.com\/fr\/wp-json\/wp\/v2\/media\/34008"}],"wp:attachment":[{"href":"https:\/\/www.gamm.com\/fr\/wp-json\/wp\/v2\/media?parent=35808"}],"wp:term":[{"taxonomy":"product_brand","embeddable":true,"href":"https:\/\/www.gamm.com\/fr\/wp-json\/wp\/v2\/product_brand?post=35808"},{"taxonomy":"product_cat","embeddable":true,"href":"https:\/\/www.gamm.com\/fr\/wp-json\/wp\/v2\/product_cat?post=35808"},{"taxonomy":"product_tag","embeddable":true,"href":"https:\/\/www.gamm.com\/fr\/wp-json\/wp\/v2\/product_tag?post=35808"}],"curies":[{"name":"wp","href":"https:\/\/api.w.org\/{rel}","templated":true}]}}