{"id":35810,"date":"2022-01-18T15:51:56","date_gmt":"2022-01-18T14:51:56","guid":{"rendered":"https:\/\/www.gamm.com\/non%20class\u00e9\/cmr81-2\/"},"modified":"2026-03-13T12:07:44","modified_gmt":"2026-03-13T11:07:44","slug":"cmr81-2","status":"publish","type":"product","link":"https:\/\/www.gamm.com\/fr\/instruments-de-mesure-et-controle\/compteur-de-metres-avec-remise-a-zero-fr\/cmr81-2\/","title":{"rendered":"CMR81\/2"},"content":{"rendered":"","protected":false},"excerpt":{"rendered":"<p>4 chiffres + 1 d\u00e9cimal hauteur 4.5 mm \u2013 axe D.6 mm \u2013 commande bilat\u00e9ral. Remise \u00e0 z\u00e9ro par bouton poussoir. Vitesse de comptage: 500 m\u00e8tres\/minute. Sens de rotation: 0 = horaire, S = anti horaire. Dimensions: 82x46x35. Comptant dans un sens, d\u00e9comptant dans l\u2019autre. Rapport 5:1 pour roues de 200 mm de d\u00e9velopp\u00e9es (5 tour = 1 m\u00e8tre).<\/p>\n","protected":false},"featured_media":34013,"template":"","meta":{"_acf_changed":false},"product_brand":[],"product_cat":[1490,1500],"product_tag":[],"class_list":{"0":"post-35810","1":"product","2":"type-product","3":"status-publish","4":"has-post-thumbnail","6":"product_cat-instruments-de-mesure-et-controle","7":"product_cat-compteur-de-metres-avec-remise-a-zero-fr","8":"pa_brand-gamm-fr","9":"pa_materiale-technopolymere","11":"first","12":"instock","13":"shipping-taxable","14":"purchasable","15":"product-type-simple"},"acf":[],"_links":{"self":[{"href":"https:\/\/www.gamm.com\/fr\/wp-json\/wp\/v2\/product\/35810","targetHints":{"allow":["GET"]}}],"collection":[{"href":"https:\/\/www.gamm.com\/fr\/wp-json\/wp\/v2\/product"}],"about":[{"href":"https:\/\/www.gamm.com\/fr\/wp-json\/wp\/v2\/types\/product"}],"wp:featuredmedia":[{"embeddable":true,"href":"https:\/\/www.gamm.com\/fr\/wp-json\/wp\/v2\/media\/34013"}],"wp:attachment":[{"href":"https:\/\/www.gamm.com\/fr\/wp-json\/wp\/v2\/media?parent=35810"}],"wp:term":[{"taxonomy":"product_brand","embeddable":true,"href":"https:\/\/www.gamm.com\/fr\/wp-json\/wp\/v2\/product_brand?post=35810"},{"taxonomy":"product_cat","embeddable":true,"href":"https:\/\/www.gamm.com\/fr\/wp-json\/wp\/v2\/product_cat?post=35810"},{"taxonomy":"product_tag","embeddable":true,"href":"https:\/\/www.gamm.com\/fr\/wp-json\/wp\/v2\/product_tag?post=35810"}],"curies":[{"name":"wp","href":"https:\/\/api.w.org\/{rel}","templated":true}]}}