{"id":35817,"date":"2022-01-18T15:19:36","date_gmt":"2022-01-18T14:19:36","guid":{"rendered":"https:\/\/www.gamm.com\/non%20class\u00e9\/m15\/"},"modified":"2026-03-13T12:11:20","modified_gmt":"2026-03-13T11:11:20","slug":"m15","status":"publish","type":"product","link":"https:\/\/www.gamm.com\/fr\/instruments-de-mesure-et-controle\/compteur\/m15\/","title":{"rendered":"M15"},"content":{"rendered":"","protected":false},"excerpt":{"rendered":"<p>Comptage \u00e0 la vol\u00e9e\/pour compter une production\/ des objets \/ecc.. Remise \u00e0 z\u00e9ro par bouton poussoir. 5 chiffres hauteur 4.5 mm. Pr\u00e9sentation: \u00e9tui en similicuir.<\/p>\n","protected":false},"featured_media":34025,"template":"","meta":{"_acf_changed":false},"product_brand":[],"product_cat":[1490,1503],"product_tag":[],"class_list":{"0":"post-35817","1":"product","2":"type-product","3":"status-publish","4":"has-post-thumbnail","6":"product_cat-instruments-de-mesure-et-controle","7":"product_cat-compteur","8":"pa_brand-gamm-fr","9":"pa_materiale-technopolymere","11":"first","12":"instock","13":"shipping-taxable","14":"purchasable","15":"product-type-simple"},"acf":[],"_links":{"self":[{"href":"https:\/\/www.gamm.com\/fr\/wp-json\/wp\/v2\/product\/35817","targetHints":{"allow":["GET"]}}],"collection":[{"href":"https:\/\/www.gamm.com\/fr\/wp-json\/wp\/v2\/product"}],"about":[{"href":"https:\/\/www.gamm.com\/fr\/wp-json\/wp\/v2\/types\/product"}],"wp:featuredmedia":[{"embeddable":true,"href":"https:\/\/www.gamm.com\/fr\/wp-json\/wp\/v2\/media\/34025"}],"wp:attachment":[{"href":"https:\/\/www.gamm.com\/fr\/wp-json\/wp\/v2\/media?parent=35817"}],"wp:term":[{"taxonomy":"product_brand","embeddable":true,"href":"https:\/\/www.gamm.com\/fr\/wp-json\/wp\/v2\/product_brand?post=35817"},{"taxonomy":"product_cat","embeddable":true,"href":"https:\/\/www.gamm.com\/fr\/wp-json\/wp\/v2\/product_cat?post=35817"},{"taxonomy":"product_tag","embeddable":true,"href":"https:\/\/www.gamm.com\/fr\/wp-json\/wp\/v2\/product_tag?post=35817"}],"curies":[{"name":"wp","href":"https:\/\/api.w.org\/{rel}","templated":true}]}}