{"id":35828,"date":"2022-01-11T10:50:31","date_gmt":"2022-01-11T09:50:31","guid":{"rendered":"https:\/\/www.gamm.com\/non%20class\u00e9\/pna-pna-c\/"},"modified":"2026-03-13T12:17:08","modified_gmt":"2026-03-13T11:17:08","slug":"pna-pna-c","status":"publish","type":"product","link":"https:\/\/www.gamm.com\/fr\/doigt-et-poussoir\/doigt-dindexage\/pna-pna-c\/","title":{"rendered":"PNA &#8211; PNA\/C"},"content":{"rendered":"","protected":false},"excerpt":{"rendered":"<p>Corps en acier zingu\u00e9 filet\u00e9 avec blocage. Doigt en acier zingu\u00e9.<br \/>\nBouton molet\u00e9 en technopolym\u00e8re noir mat renforc\u00e9 fibre de verre.<\/p>\n","protected":false},"featured_media":33748,"template":"","meta":{"_acf_changed":false},"product_brand":[],"product_cat":[1382,1385],"product_tag":[1397],"class_list":{"0":"post-35828","1":"product","2":"type-product","3":"status-publish","4":"has-post-thumbnail","6":"product_cat-doigt-et-poussoir","7":"product_cat-doigt-dindexage","8":"product_tag-best-product-fr","9":"pa_brand-gamm-fr","10":"pa_materiale-technopolymere","12":"first","13":"instock","14":"shipping-taxable","15":"purchasable","16":"product-type-variable"},"acf":[],"_links":{"self":[{"href":"https:\/\/www.gamm.com\/fr\/wp-json\/wp\/v2\/product\/35828","targetHints":{"allow":["GET"]}}],"collection":[{"href":"https:\/\/www.gamm.com\/fr\/wp-json\/wp\/v2\/product"}],"about":[{"href":"https:\/\/www.gamm.com\/fr\/wp-json\/wp\/v2\/types\/product"}],"wp:featuredmedia":[{"embeddable":true,"href":"https:\/\/www.gamm.com\/fr\/wp-json\/wp\/v2\/media\/33748"}],"wp:attachment":[{"href":"https:\/\/www.gamm.com\/fr\/wp-json\/wp\/v2\/media?parent=35828"}],"wp:term":[{"taxonomy":"product_brand","embeddable":true,"href":"https:\/\/www.gamm.com\/fr\/wp-json\/wp\/v2\/product_brand?post=35828"},{"taxonomy":"product_cat","embeddable":true,"href":"https:\/\/www.gamm.com\/fr\/wp-json\/wp\/v2\/product_cat?post=35828"},{"taxonomy":"product_tag","embeddable":true,"href":"https:\/\/www.gamm.com\/fr\/wp-json\/wp\/v2\/product_tag?post=35828"}],"curies":[{"name":"wp","href":"https:\/\/api.w.org\/{rel}","templated":true}]}}