{"id":35833,"date":"2022-01-11T10:19:51","date_gmt":"2022-01-11T09:19:51","guid":{"rendered":"https:\/\/www.gamm.com\/non%20class\u00e9\/pncx-pncx-c\/"},"modified":"2026-03-13T12:21:17","modified_gmt":"2026-03-13T11:21:17","slug":"pncx-pncx-c","status":"publish","type":"product","link":"https:\/\/www.gamm.com\/fr\/doigt-et-poussoir\/doigt-dindexage\/pncx-pncx-c\/","title":{"rendered":"PNCX &#8211; PNCX\/C"},"content":{"rendered":"","protected":false},"excerpt":{"rendered":"<p>Corps et doigt en acier inoxydable (AISI 303).<br \/>\nBouton molet\u00e9 en technopolym\u00e8re noir mat renforc\u00e9 fibre de verre.<\/p>\n","protected":false},"featured_media":33766,"template":"","meta":{"_acf_changed":false},"product_brand":[],"product_cat":[1382,1385],"product_tag":[1401],"class_list":{"0":"post-35833","1":"product","2":"type-product","3":"status-publish","4":"has-post-thumbnail","6":"product_cat-doigt-et-poussoir","7":"product_cat-doigt-dindexage","8":"product_tag-inox-fr","9":"pa_brand-gamm-fr","10":"pa_materiale-technopolymere","12":"first","13":"instock","14":"shipping-taxable","15":"purchasable","16":"product-type-variable"},"acf":[],"_links":{"self":[{"href":"https:\/\/www.gamm.com\/fr\/wp-json\/wp\/v2\/product\/35833","targetHints":{"allow":["GET"]}}],"collection":[{"href":"https:\/\/www.gamm.com\/fr\/wp-json\/wp\/v2\/product"}],"about":[{"href":"https:\/\/www.gamm.com\/fr\/wp-json\/wp\/v2\/types\/product"}],"wp:featuredmedia":[{"embeddable":true,"href":"https:\/\/www.gamm.com\/fr\/wp-json\/wp\/v2\/media\/33766"}],"wp:attachment":[{"href":"https:\/\/www.gamm.com\/fr\/wp-json\/wp\/v2\/media?parent=35833"}],"wp:term":[{"taxonomy":"product_brand","embeddable":true,"href":"https:\/\/www.gamm.com\/fr\/wp-json\/wp\/v2\/product_brand?post=35833"},{"taxonomy":"product_cat","embeddable":true,"href":"https:\/\/www.gamm.com\/fr\/wp-json\/wp\/v2\/product_cat?post=35833"},{"taxonomy":"product_tag","embeddable":true,"href":"https:\/\/www.gamm.com\/fr\/wp-json\/wp\/v2\/product_tag?post=35833"}],"curies":[{"name":"wp","href":"https:\/\/api.w.org\/{rel}","templated":true}]}}