{"id":35850,"date":"2022-01-11T08:42:20","date_gmt":"2022-01-11T07:42:20","guid":{"rendered":"https:\/\/www.gamm.com\/non%20class\u00e9\/psd-psd-c\/"},"modified":"2026-03-13T12:25:35","modified_gmt":"2026-03-13T11:25:35","slug":"psd-psd-c","status":"publish","type":"product","link":"https:\/\/www.gamm.com\/fr\/doigt-et-poussoir\/doigt-dindexage\/psd-psd-c\/","title":{"rendered":"PSD &#8211; PSD\/C"},"content":{"rendered":"","protected":false},"excerpt":{"rendered":"<p>Corps en acier zingu\u00e9 filet\u00e9. Doigt en acier inoxydable (AISI 303).<br \/>\nBouton molet\u00e9 en technopolym\u00e8re noir mat renforc\u00e9 fibre de verre.<\/p>\n","protected":false},"featured_media":33817,"template":"","meta":{"_acf_changed":false},"product_brand":[],"product_cat":[1382,1385],"product_tag":[],"class_list":{"0":"post-35850","1":"product","2":"type-product","3":"status-publish","4":"has-post-thumbnail","6":"product_cat-doigt-et-poussoir","7":"product_cat-doigt-dindexage","8":"pa_brand-gamm-fr","9":"pa_materiale-technopolymere","11":"first","12":"instock","13":"shipping-taxable","14":"purchasable","15":"product-type-variable"},"acf":[],"_links":{"self":[{"href":"https:\/\/www.gamm.com\/fr\/wp-json\/wp\/v2\/product\/35850","targetHints":{"allow":["GET"]}}],"collection":[{"href":"https:\/\/www.gamm.com\/fr\/wp-json\/wp\/v2\/product"}],"about":[{"href":"https:\/\/www.gamm.com\/fr\/wp-json\/wp\/v2\/types\/product"}],"wp:featuredmedia":[{"embeddable":true,"href":"https:\/\/www.gamm.com\/fr\/wp-json\/wp\/v2\/media\/33817"}],"wp:attachment":[{"href":"https:\/\/www.gamm.com\/fr\/wp-json\/wp\/v2\/media?parent=35850"}],"wp:term":[{"taxonomy":"product_brand","embeddable":true,"href":"https:\/\/www.gamm.com\/fr\/wp-json\/wp\/v2\/product_brand?post=35850"},{"taxonomy":"product_cat","embeddable":true,"href":"https:\/\/www.gamm.com\/fr\/wp-json\/wp\/v2\/product_cat?post=35850"},{"taxonomy":"product_tag","embeddable":true,"href":"https:\/\/www.gamm.com\/fr\/wp-json\/wp\/v2\/product_tag?post=35850"}],"curies":[{"name":"wp","href":"https:\/\/api.w.org\/{rel}","templated":true}]}}