{"id":35851,"date":"2022-01-11T08:32:18","date_gmt":"2022-01-11T07:32:18","guid":{"rendered":"https:\/\/www.gamm.com\/non%20class\u00e9\/psdx-psdx-c\/"},"modified":"2026-03-13T12:25:37","modified_gmt":"2026-03-13T11:25:37","slug":"psdx-psdx-c","status":"publish","type":"product","link":"https:\/\/www.gamm.com\/fr\/doigt-et-poussoir\/doigt-dindexage\/psdx-psdx-c\/","title":{"rendered":"PSDX &#8211; PSDX\/C"},"content":{"rendered":"","protected":false},"excerpt":{"rendered":"<p>Corps et doigt en acier inoxydable (AISI 303).<br \/>\nBouton molet\u00e9 en technopolym\u00e8re noir mat renforc\u00e9 fibre de verre.<\/p>\n","protected":false},"featured_media":33828,"template":"","meta":{"_acf_changed":false},"product_brand":[],"product_cat":[1382,1385],"product_tag":[1401],"class_list":{"0":"post-35851","1":"product","2":"type-product","3":"status-publish","4":"has-post-thumbnail","6":"product_cat-doigt-et-poussoir","7":"product_cat-doigt-dindexage","8":"product_tag-inox-fr","9":"pa_brand-gamm-fr","10":"pa_materiale-technopolymere","12":"first","13":"instock","14":"shipping-taxable","15":"purchasable","16":"product-type-variable"},"acf":[],"_links":{"self":[{"href":"https:\/\/www.gamm.com\/fr\/wp-json\/wp\/v2\/product\/35851","targetHints":{"allow":["GET"]}}],"collection":[{"href":"https:\/\/www.gamm.com\/fr\/wp-json\/wp\/v2\/product"}],"about":[{"href":"https:\/\/www.gamm.com\/fr\/wp-json\/wp\/v2\/types\/product"}],"wp:featuredmedia":[{"embeddable":true,"href":"https:\/\/www.gamm.com\/fr\/wp-json\/wp\/v2\/media\/33828"}],"wp:attachment":[{"href":"https:\/\/www.gamm.com\/fr\/wp-json\/wp\/v2\/media?parent=35851"}],"wp:term":[{"taxonomy":"product_brand","embeddable":true,"href":"https:\/\/www.gamm.com\/fr\/wp-json\/wp\/v2\/product_brand?post=35851"},{"taxonomy":"product_cat","embeddable":true,"href":"https:\/\/www.gamm.com\/fr\/wp-json\/wp\/v2\/product_cat?post=35851"},{"taxonomy":"product_tag","embeddable":true,"href":"https:\/\/www.gamm.com\/fr\/wp-json\/wp\/v2\/product_tag?post=35851"}],"curies":[{"name":"wp","href":"https:\/\/api.w.org\/{rel}","templated":true}]}}