{"id":35897,"date":"2022-01-04T09:55:40","date_gmt":"2022-01-04T08:55:40","guid":{"rendered":"https:\/\/www.gamm.com\/non%20class\u00e9\/apt-p\/"},"modified":"2026-03-13T13:52:48","modified_gmt":"2026-03-13T12:52:48","slug":"apt-p","status":"publish","type":"product","link":"https:\/\/www.gamm.com\/fr\/doigt-et-poussoir\/poussoir-filete-a-embout-et-ressort\/apt-p\/","title":{"rendered":"APT\/P"},"content":{"rendered":"","protected":false},"excerpt":{"rendered":"<p>Corps filet\u00e9 et t\u00eate avec empreinte creuse hexgonale.<br \/>\nCorps filet\u00e9 en acier brini. Doigt en technopolym\u00e8re, renforc\u00e9 fibre de verre. Ressort en acier inoxydable (AISI 303).<\/p>\n","protected":false},"featured_media":33707,"template":"","meta":{"_acf_changed":false},"product_brand":[],"product_cat":[1382,1387],"product_tag":[],"class_list":{"0":"post-35897","1":"product","2":"type-product","3":"status-publish","4":"has-post-thumbnail","6":"product_cat-doigt-et-poussoir","7":"product_cat-poussoir-filete-a-embout-et-ressort","8":"pa_brand-gamm-fr","9":"pa_materiale-technopolymere","11":"first","12":"instock","13":"shipping-taxable","14":"purchasable","15":"product-type-variable"},"acf":[],"_links":{"self":[{"href":"https:\/\/www.gamm.com\/fr\/wp-json\/wp\/v2\/product\/35897","targetHints":{"allow":["GET"]}}],"collection":[{"href":"https:\/\/www.gamm.com\/fr\/wp-json\/wp\/v2\/product"}],"about":[{"href":"https:\/\/www.gamm.com\/fr\/wp-json\/wp\/v2\/types\/product"}],"wp:featuredmedia":[{"embeddable":true,"href":"https:\/\/www.gamm.com\/fr\/wp-json\/wp\/v2\/media\/33707"}],"wp:attachment":[{"href":"https:\/\/www.gamm.com\/fr\/wp-json\/wp\/v2\/media?parent=35897"}],"wp:term":[{"taxonomy":"product_brand","embeddable":true,"href":"https:\/\/www.gamm.com\/fr\/wp-json\/wp\/v2\/product_brand?post=35897"},{"taxonomy":"product_cat","embeddable":true,"href":"https:\/\/www.gamm.com\/fr\/wp-json\/wp\/v2\/product_cat?post=35897"},{"taxonomy":"product_tag","embeddable":true,"href":"https:\/\/www.gamm.com\/fr\/wp-json\/wp\/v2\/product_tag?post=35897"}],"curies":[{"name":"wp","href":"https:\/\/api.w.org\/{rel}","templated":true}]}}