{"id":35898,"date":"2022-01-04T09:48:47","date_gmt":"2022-01-04T08:48:47","guid":{"rendered":"https:\/\/www.gamm.com\/non%20class\u00e9\/apl-p\/"},"modified":"2026-03-13T13:52:49","modified_gmt":"2026-03-13T12:52:49","slug":"apl-p","status":"publish","type":"product","link":"https:\/\/www.gamm.com\/fr\/doigt-et-poussoir\/poussoir-lisse-a-bille-et-ressort\/apl-p\/","title":{"rendered":"APL\/P"},"content":{"rendered":"","protected":false},"excerpt":{"rendered":"<p>Corps en technopolym\u00e8re noir, renforc\u00e9 fibre de verre. Bille en acier inoxydable tremp\u00e9 (AISI 420). Ressort en acier inoxydable (AISI 303).<\/p>\n","protected":false},"featured_media":33660,"template":"","meta":{"_acf_changed":false},"product_brand":[],"product_cat":[1382,1389],"product_tag":[1397],"class_list":{"0":"post-35898","1":"product","2":"type-product","3":"status-publish","4":"has-post-thumbnail","6":"product_cat-doigt-et-poussoir","7":"product_cat-poussoir-lisse-a-bille-et-ressort","8":"product_tag-best-product-fr","9":"pa_brand-gamm-fr","10":"pa_materiale-technopolymere","12":"first","13":"instock","14":"shipping-taxable","15":"purchasable","16":"product-type-variable"},"acf":[],"_links":{"self":[{"href":"https:\/\/www.gamm.com\/fr\/wp-json\/wp\/v2\/product\/35898","targetHints":{"allow":["GET"]}}],"collection":[{"href":"https:\/\/www.gamm.com\/fr\/wp-json\/wp\/v2\/product"}],"about":[{"href":"https:\/\/www.gamm.com\/fr\/wp-json\/wp\/v2\/types\/product"}],"wp:featuredmedia":[{"embeddable":true,"href":"https:\/\/www.gamm.com\/fr\/wp-json\/wp\/v2\/media\/33660"}],"wp:attachment":[{"href":"https:\/\/www.gamm.com\/fr\/wp-json\/wp\/v2\/media?parent=35898"}],"wp:term":[{"taxonomy":"product_brand","embeddable":true,"href":"https:\/\/www.gamm.com\/fr\/wp-json\/wp\/v2\/product_brand?post=35898"},{"taxonomy":"product_cat","embeddable":true,"href":"https:\/\/www.gamm.com\/fr\/wp-json\/wp\/v2\/product_cat?post=35898"},{"taxonomy":"product_tag","embeddable":true,"href":"https:\/\/www.gamm.com\/fr\/wp-json\/wp\/v2\/product_tag?post=35898"}],"curies":[{"name":"wp","href":"https:\/\/api.w.org\/{rel}","templated":true}]}}