{"id":35934,"date":"2022-01-11T14:57:02","date_gmt":"2022-01-11T13:57:02","guid":{"rendered":"https:\/\/www.gamm.com\/non%20class\u00e9\/prstax\/"},"modified":"2026-03-11T09:48:24","modified_gmt":"2026-03-11T08:48:24","slug":"prstax","status":"publish","type":"product","link":"https:\/\/www.gamm.com\/fr\/pieds-articules-et-regables\/pied-articule\/prstax\/","title":{"rendered":"PRSTAX"},"content":{"rendered":"","protected":false},"excerpt":{"rendered":"<p>Tige en acier inoxydable (AISI 304).<br \/>\nEnbase en technopolym\u00e8re noir mat renforc\u00e9 fibre de verre. Semelle en caoutchouc NBR duret\u00e9 85\u00b15 Shore A.<\/p>\n","protected":false},"featured_media":33881,"template":"","meta":{"_acf_changed":false},"product_brand":[],"product_cat":[1506,1514],"product_tag":[1401],"class_list":{"0":"post-35934","1":"product","2":"type-product","3":"status-publish","4":"has-post-thumbnail","6":"product_cat-pieds-articules-et-regables","7":"product_cat-pied-articule","8":"product_tag-inox-fr","9":"pa_brand-gamm-fr","10":"pa_materiale-technopolymere","12":"first","13":"instock","14":"shipping-taxable","15":"purchasable","16":"product-type-variable"},"acf":[],"_links":{"self":[{"href":"https:\/\/www.gamm.com\/fr\/wp-json\/wp\/v2\/product\/35934","targetHints":{"allow":["GET"]}}],"collection":[{"href":"https:\/\/www.gamm.com\/fr\/wp-json\/wp\/v2\/product"}],"about":[{"href":"https:\/\/www.gamm.com\/fr\/wp-json\/wp\/v2\/types\/product"}],"wp:featuredmedia":[{"embeddable":true,"href":"https:\/\/www.gamm.com\/fr\/wp-json\/wp\/v2\/media\/33881"}],"wp:attachment":[{"href":"https:\/\/www.gamm.com\/fr\/wp-json\/wp\/v2\/media?parent=35934"}],"wp:term":[{"taxonomy":"product_brand","embeddable":true,"href":"https:\/\/www.gamm.com\/fr\/wp-json\/wp\/v2\/product_brand?post=35934"},{"taxonomy":"product_cat","embeddable":true,"href":"https:\/\/www.gamm.com\/fr\/wp-json\/wp\/v2\/product_cat?post=35934"},{"taxonomy":"product_tag","embeddable":true,"href":"https:\/\/www.gamm.com\/fr\/wp-json\/wp\/v2\/product_tag?post=35934"}],"curies":[{"name":"wp","href":"https:\/\/api.w.org\/{rel}","templated":true}]}}