{"id":36126,"date":"2022-03-27T20:10:31","date_gmt":"2022-03-27T18:10:31","guid":{"rendered":"https:\/\/www.gamm.com\/non%20class\u00e9\/cod-611-612-631-651-652\/"},"modified":"2026-03-03T14:05:14","modified_gmt":"2026-03-03T13:05:14","slug":"cod-611-612-631-651-652","status":"publish","type":"product","link":"https:\/\/www.gamm.com\/fr\/sauterelles-manuelles\/sauterelle-pneumatique-a-bras-renforce\/cod-611-612-631-651-652\/","title":{"rendered":"Cod. 611-612-631 | 651-652 \u00e0 bras renforc\u00e9"},"content":{"rendered":"","protected":false},"excerpt":{"rendered":"<p>Sauterelle Pneumatique \u00e0 Bras Renforc\u00e9.<\/p>\n","protected":false},"featured_media":34454,"template":"","meta":{"_acf_changed":false},"product_brand":[],"product_cat":[1380,1528],"product_tag":[],"class_list":{"0":"post-36126","1":"product","2":"type-product","3":"status-publish","4":"has-post-thumbnail","6":"product_cat-sauterelles-manuelles","7":"product_cat-sauterelle-pneumatique-a-bras-renforce","8":"pa_brand-gamm-fr","10":"first","11":"instock","12":"shipping-taxable","13":"purchasable","14":"product-type-simple"},"acf":[],"_links":{"self":[{"href":"https:\/\/www.gamm.com\/fr\/wp-json\/wp\/v2\/product\/36126","targetHints":{"allow":["GET"]}}],"collection":[{"href":"https:\/\/www.gamm.com\/fr\/wp-json\/wp\/v2\/product"}],"about":[{"href":"https:\/\/www.gamm.com\/fr\/wp-json\/wp\/v2\/types\/product"}],"wp:featuredmedia":[{"embeddable":true,"href":"https:\/\/www.gamm.com\/fr\/wp-json\/wp\/v2\/media\/34454"}],"wp:attachment":[{"href":"https:\/\/www.gamm.com\/fr\/wp-json\/wp\/v2\/media?parent=36126"}],"wp:term":[{"taxonomy":"product_brand","embeddable":true,"href":"https:\/\/www.gamm.com\/fr\/wp-json\/wp\/v2\/product_brand?post=36126"},{"taxonomy":"product_cat","embeddable":true,"href":"https:\/\/www.gamm.com\/fr\/wp-json\/wp\/v2\/product_cat?post=36126"},{"taxonomy":"product_tag","embeddable":true,"href":"https:\/\/www.gamm.com\/fr\/wp-json\/wp\/v2\/product_tag?post=36126"}],"curies":[{"name":"wp","href":"https:\/\/api.w.org\/{rel}","templated":true}]}}